{"id":9279,"date":"2022-05-29T09:25:25","date_gmt":"2022-05-29T09:25:25","guid":{"rendered":"http:\/\/groupebenhassine.com\/?page_id=9279"},"modified":"2024-11-22T12:14:42","modified_gmt":"2024-11-22T12:14:42","slug":"actualites","status":"publish","type":"page","link":"https:\/\/groupebenhassine.com\/en-en\/actualites\/","title":{"rendered":"News"},"content":{"rendered":"<div data-elementor-type=\"wp-page\" data-elementor-id=\"9279\" class=\"elementor elementor-9279\">\n\t\t\t\t\t\t<section class=\"elementor-section elementor-top-section elementor-element elementor-element-b3dc382 elementor-section-height-min-height elementor-section-content-top elementor-section-items-bottom elementor-section-boxed elementor-section-height-default wpr-particle-no wpr-jarallax-no wpr-parallax-no wpr-sticky-section-no\" data-id=\"b3dc382\" data-element_type=\"section\" data-settings=\"{&quot;background_background&quot;:&quot;classic&quot;}\">\n\t\t\t\t\t\t\t<div class=\"elementor-background-overlay\"><\/div>\n\t\t\t\t\t\t\t<div class=\"elementor-container elementor-column-gap-default\">\n\t\t\t\t\t<div class=\"elementor-column elementor-col-100 elementor-top-column elementor-element elementor-element-33316a9\" data-id=\"33316a9\" data-element_type=\"column\">\n\t\t\t<div class=\"elementor-widget-wrap elementor-element-populated\">\n\t\t\t\t\t\t<div class=\"elementor-element elementor-element-06436d0 elementor-widget elementor-widget-heading\" data-id=\"06436d0\" data-element_type=\"widget\" data-widget_type=\"heading.default\">\n\t\t\t\t<div class=\"elementor-widget-container\">\n\t\t\t<style>\/*! elementor - v3.21.0 - 30-04-2024 *\/\n.elementor-heading-title{padding:0;margin:0;line-height:1}.elementor-widget-heading .elementor-heading-title[class*=elementor-size-]>a{color:inherit;font-size:inherit;line-height:inherit}.elementor-widget-heading .elementor-heading-title.elementor-size-small{font-size:15px}.elementor-widget-heading .elementor-heading-title.elementor-size-medium{font-size:19px}.elementor-widget-heading .elementor-heading-title.elementor-size-large{font-size:29px}.elementor-widget-heading .elementor-heading-title.elementor-size-xl{font-size:39px}.elementor-widget-heading .elementor-heading-title.elementor-size-xxl{font-size:59px}<\/style><h2 class=\"elementor-heading-title elementor-size-default\">News<\/h2>\t\t<\/div>\n\t\t\t\t<\/div>\n\t\t\t\t\t<\/div>\n\t\t<\/div>\n\t\t\t\t\t<\/div>\n\t\t<\/section>\n\t\t\t\t<section class=\"elementor-section elementor-top-section elementor-element elementor-element-1f2ec9e31 elementor-section-boxed elementor-section-height-default elementor-section-height-default wpr-particle-no wpr-jarallax-no wpr-parallax-no wpr-sticky-section-no\" data-id=\"1f2ec9e31\" data-element_type=\"section\">\n\t\t\t\t\t\t<div class=\"elementor-container elementor-column-gap-default\">\n\t\t\t\t\t<div class=\"elementor-column elementor-col-100 elementor-top-column elementor-element elementor-element-19f83081\" data-id=\"19f83081\" data-element_type=\"column\">\n\t\t\t<div class=\"elementor-widget-wrap elementor-element-populated\">\n\t\t\t\t\t\t<div class=\"elementor-element elementor-element-337ead96 wpr-grid-columns-1 wpr-grid-columns--tablet1 wpr-grid-columns--mobile1 wpr-grid-pagination-center wpr-item-styles-inner elementor-widget elementor-widget-wpr-grid\" data-id=\"337ead96\" data-element_type=\"widget\" data-widget_type=\"wpr-grid.default\">\n\t\t\t\t<div class=\"elementor-widget-container\">\n\t\t\t<ul class=\"wpr-grid-filters elementor-clearfix wpr-grid-filters-sep-right\"><li class=\"wpr-pointer-none wpr-pointer-line-fx wpr-pointer-fx-none\"><span data-filter=\"*\" class=\"wpr-active-filter\">All<\/span><em class=\"wpr-grid-filters-sep\"><\/em><\/li><li class=\"wpr-pointer-none wpr-pointer-line-fx wpr-pointer-fx-none wpr-hidden-element\"><span  data-filter=\".category-centre-de-convalescence\">Recovery Center<\/span><em class=\"wpr-grid-filters-sep\"><\/em><\/li><li class=\"wpr-pointer-none wpr-pointer-line-fx wpr-pointer-fx-none\"><span  data-filter=\".category-clinique-estetica\">Estetica Clinic<\/span><em class=\"wpr-grid-filters-sep\"><\/em><\/li><li class=\"wpr-pointer-none wpr-pointer-line-fx wpr-pointer-fx-none\"><span  data-filter=\".category-immobiliere-ben-hassine\">Ben Hassine Real Estate<\/span><em class=\"wpr-grid-filters-sep\"><\/em><\/li><\/ul><section class=\"wpr-grid elementor-clearfix\" data-settings=\"{&quot;layout&quot;:&quot;list&quot;,&quot;stick_last_element_to_bottom&quot;:&quot;no&quot;,&quot;columns_desktop&quot;:1,&quot;gutter_hr&quot;:15,&quot;gutter_hr_mobile&quot;:15,&quot;gutter_hr_mobile_extra&quot;:15,&quot;gutter_hr_tablet&quot;:15,&quot;gutter_hr_tablet_extra&quot;:15,&quot;gutter_hr_laptop&quot;:15,&quot;gutter_hr_widescreen&quot;:15,&quot;gutter_vr&quot;:24,&quot;gutter_vr_mobile&quot;:24,&quot;gutter_vr_mobile_extra&quot;:24,&quot;gutter_vr_tablet&quot;:24,&quot;gutter_vr_tablet_extra&quot;:24,&quot;gutter_vr_laptop&quot;:24,&quot;gutter_vr_widescreen&quot;:24,&quot;animation&quot;:&quot;default&quot;,&quot;animation_duration&quot;:0.3,&quot;animation_delay&quot;:0.1,&quot;deeplinking&quot;:&quot;&quot;,&quot;filters_linkable&quot;:&quot;&quot;,&quot;filters_default_filter&quot;:&quot;&quot;,&quot;filters_count&quot;:&quot;&quot;,&quot;filters_hide_empty&quot;:&quot;yes&quot;,&quot;filters_animation&quot;:&quot;default&quot;,&quot;filters_animation_duration&quot;:0.3,&quot;filters_animation_delay&quot;:0.1,&quot;pagination_type&quot;:&quot;numbered&quot;,&quot;pagination_max_pages&quot;:2,&quot;media_align&quot;:&quot;left&quot;,&quot;media_width&quot;:25,&quot;media_distance&quot;:13,&quot;lightbox&quot;:{&quot;selector&quot;:&quot;.wpr-grid-image-wrap&quot;,&quot;iframeMaxWidth&quot;:&quot;60%&quot;,&quot;hash&quot;:false,&quot;autoplay&quot;:&quot;true&quot;,&quot;pause&quot;:5000,&quot;progressBar&quot;:&quot;true&quot;,&quot;counter&quot;:&quot;true&quot;,&quot;controls&quot;:&quot;true&quot;,&quot;getCaptionFromTitleOrAlt&quot;:&quot;true&quot;,&quot;thumbnail&quot;:&quot;&quot;,&quot;showThumbByDefault&quot;:&quot;&quot;,&quot;share&quot;:&quot;&quot;,&quot;zoom&quot;:&quot;true&quot;,&quot;fullScreen&quot;:&quot;true&quot;,&quot;download&quot;:&quot;true&quot;}}\"><article class=\"wpr-grid-item elementor-clearfix post-12824 post type-post status-publish format-video has-post-thumbnail hentry category-clinique-estetica post_format-post-format-video\"><div class=\"wpr-grid-item-inner\"><div class=\"wpr-grid-media-wrap wpr-effect-size-medium\" data-overlay-link=\"yes\"><div class=\"wpr-grid-image-wrap\" data-src=\"https:\/\/groupebenhassine.com\/wp-content\/uploads\/2024\/12\/Noura-2.png\" data-img-on-hover=\"\"  data-src-secondary=\"\"><img decoding=\"async\" data-no-lazy=\"1\" src=\"https:\/\/groupebenhassine.com\/wp-content\/uploads\/2024\/12\/Noura-2.png\" alt=\"Coming Soon: Projet Noura 2\" class=\"wpr-anim-timing-ease-default\"><\/div><div class=\"wpr-grid-media-hover wpr-animation-wrap\"><div class=\"wpr-grid-media-hover-bg  wpr-overlay-fade-in wpr-anim-size-medium wpr-anim-timing-ease-default wpr-anim-transparency\" data-url=\"https:\/\/groupebenhassine.com\/en-en\/2024\/12\/16\/noura2\/\"><\/div><\/div><\/div><div class=\"wpr-grid-item-below-content elementor-clearfix\"><h2 class=\"wpr-grid-item-title elementor-repeater-item-2d29edf wpr-grid-item-display-block wpr-grid-item-align-left wpr-pointer-none wpr-pointer-line-fx wpr-pointer-fx-fade\"><div class=\"inner-block\"><a target=\"_self\"  href=\"https:\/\/groupebenhassine.com\/en-en\/2024\/12\/16\/noura2\/\">Coming Soon: Noura 2 Project<\/a><\/div><\/h2><div class=\"wpr-grid-item-excerpt elementor-repeater-item-0025724 wpr-grid-item-display-block wpr-grid-item-align-left\"><div class=\"inner-block\"><p>\u00a0 Le Groupe Ben Hassine \u00c9l\u00e8ve l\u2019Habitat avec l\u2019Inauguration Prochaine de Noura 2 : Un B\u00e2timent R\u00e9sidentiel Moderne Depuis 1982, le Groupe Ben Hassine a su s\u2019imposer comme un acteur cl\u00e9 dans divers secteurs, en d\u00e9butant par le chaufroid avant d\u2019exceller dans l\u2019immobilier au cours des 23 derni\u00e8res ann\u00e9es. Aujourd\u2019hui, fort de son savoir-faire et de sa vision tourn\u00e9e vers l\u2019avenir, le groupe franchit une nouvelle \u00e9tape en&hellip;<\/p><\/div><\/div><div class=\"wpr-grid-item-read-more elementor-repeater-item-716d6c5 wpr-grid-item-display-block wpr-grid-item-align-left\"><div class=\"inner-block\"><a target=\"_self\" href=\"https:\/\/groupebenhassine.com\/en-en\/2024\/12\/16\/noura2\/\" class=\"wpr-button-effect wpr-button-none\"><span>Read more<\/span><\/a><\/div><\/div><\/div><\/div><\/article><article class=\"wpr-grid-item elementor-clearfix post-10747 post type-post status-publish format-video has-post-thumbnail hentry category-clinique-estetica post_format-post-format-video\"><div class=\"wpr-grid-item-inner\"><div class=\"wpr-grid-media-wrap wpr-effect-size-medium\" data-overlay-link=\"yes\"><div class=\"wpr-grid-image-wrap\" data-src=\"https:\/\/groupebenhassine.com\/wp-content\/uploads\/2024\/05\/Pole-copy.jpg\" data-img-on-hover=\"\"  data-src-secondary=\"\"><img decoding=\"async\" data-no-lazy=\"1\" src=\"https:\/\/groupebenhassine.com\/wp-content\/uploads\/2024\/05\/Pole-copy.jpg\" alt=\"P\u00f4le de Chirurgie et M\u00e9decine Esth\u00e9tique\" class=\"wpr-anim-timing-ease-default\"><\/div><div class=\"wpr-grid-media-hover wpr-animation-wrap\"><div class=\"wpr-grid-media-hover-bg  wpr-overlay-fade-in wpr-anim-size-medium wpr-anim-timing-ease-default wpr-anim-transparency\" data-url=\"https:\/\/groupebenhassine.com\/en-en\/2024\/05\/15\/pole-de-chirurgie-et-medecine-esthetique\/\"><\/div><\/div><\/div><div class=\"wpr-grid-item-below-content elementor-clearfix\"><h2 class=\"wpr-grid-item-title elementor-repeater-item-2d29edf wpr-grid-item-display-block wpr-grid-item-align-left wpr-pointer-none wpr-pointer-line-fx wpr-pointer-fx-fade\"><div class=\"inner-block\"><a target=\"_self\"  href=\"https:\/\/groupebenhassine.com\/en-en\/2024\/05\/15\/pole-de-chirurgie-et-medecine-esthetique\/\">Center for Surgery and Aesthetic Medicine<\/a><\/div><\/h2><div class=\"wpr-grid-item-excerpt elementor-repeater-item-0025724 wpr-grid-item-display-block wpr-grid-item-align-left\"><div class=\"inner-block\"><p>Le Groupe Ben Hassine \u00c9tend son Influence avec l&rsquo;Inauguration Imminente de sa Clinique d&rsquo;Esth\u00e9tique de Luxe Depuis sa fondation en 1982, avec une sp\u00e9cialisation initiale dans le domaine du chaufroid, le Groupe Ben Hassine a \u00e9volu\u00e9 et consolid\u00e9 son expertise, notamment dans le secteur de l&rsquo;immobilier au cours des 23 derni\u00e8res ann\u00e9es. Aujourd&rsquo;hui, capitalisant sur cette exp\u00e9rience et sa r\u00e9putation \u00e9tablie, le groupe franchit une nouvelle \u00e9tape dans&hellip;<\/p><\/div><\/div><div class=\"wpr-grid-item-read-more elementor-repeater-item-716d6c5 wpr-grid-item-display-block wpr-grid-item-align-left\"><div class=\"inner-block\"><a target=\"_self\" href=\"https:\/\/groupebenhassine.com\/en-en\/2024\/05\/15\/pole-de-chirurgie-et-medecine-esthetique\/\" class=\"wpr-button-effect wpr-button-none\"><span>Read more<\/span><\/a><\/div><\/div><\/div><\/div><\/article><article class=\"wpr-grid-item elementor-clearfix post-10745 post type-post status-publish format-video has-post-thumbnail hentry category-immobiliere-ben-hassine post_format-post-format-video\"><div class=\"wpr-grid-item-inner\"><div class=\"wpr-grid-media-wrap wpr-effect-size-medium\" data-overlay-link=\"yes\"><div class=\"wpr-grid-image-wrap\" data-src=\"https:\/\/groupebenhassine.com\/wp-content\/uploads\/2024\/05\/Complexe-Green-2-1.jpg\" data-img-on-hover=\"\"  data-src-secondary=\"\"><img decoding=\"async\" data-no-lazy=\"1\" src=\"https:\/\/groupebenhassine.com\/wp-content\/uploads\/2024\/05\/Complexe-Green-2-1.jpg\" alt=\"Complexe GREEN 2\" class=\"wpr-anim-timing-ease-default\"><\/div><div class=\"wpr-grid-media-hover wpr-animation-wrap\"><div class=\"wpr-grid-media-hover-bg  wpr-overlay-fade-in wpr-anim-size-medium wpr-anim-timing-ease-default wpr-anim-transparency\" data-url=\"https:\/\/groupebenhassine.com\/en-en\/2024\/05\/10\/un-bijou-dinvestissement\/\"><\/div><\/div><\/div><div class=\"wpr-grid-item-below-content elementor-clearfix\"><h2 class=\"wpr-grid-item-title elementor-repeater-item-2d29edf wpr-grid-item-display-block wpr-grid-item-align-left wpr-pointer-none wpr-pointer-line-fx wpr-pointer-fx-fade\"><div class=\"inner-block\"><a target=\"_self\"  href=\"https:\/\/groupebenhassine.com\/en-en\/2024\/05\/10\/un-bijou-dinvestissement\/\">GREEN Complex 2<\/a><\/div><\/h2><div class=\"wpr-grid-item-excerpt elementor-repeater-item-0025724 wpr-grid-item-display-block wpr-grid-item-align-left\"><div class=\"inner-block\"><p>In the setting of an extraordinary residential and hotel complex<\/p><\/div><\/div><div class=\"wpr-grid-item-read-more elementor-repeater-item-716d6c5 wpr-grid-item-display-block wpr-grid-item-align-left\"><div class=\"inner-block\"><a target=\"_self\" href=\"https:\/\/groupebenhassine.com\/en-en\/2024\/05\/10\/un-bijou-dinvestissement\/\" class=\"wpr-button-effect wpr-button-none\"><span>Read more<\/span><\/a><\/div><\/div><\/div><\/div><\/article><\/section><div class=\"wpr-grid-pagination elementor-clearfix wpr-grid-pagination-numbered\"><div class=\"wpr-grid-pagi-left-arrows\"><span class=\"wpr-prev-page wpr-disabled-arrow\"><i class=\"fas fa-angle-double-left\"><\/i><span>Prev<\/span><\/span><\/div><span class=\"wpr-grid-current-page\">1<\/span><a href=\"https:\/\/groupebenhassine.com\/en-en\/wp-json\/wp\/v2\/pages\/9279\/page\/2\/\">2<\/a><div class=\"wpr-grid-pagi-right-arrows\"><a href=\"https:\/\/groupebenhassine.com\/en-en\/wp-json\/wp\/v2\/pages\/9279\/page\/2\/\" class=\"wpr-next-page\"><span>Next<\/span><i class=\"fas fa-angle-double-right\"><\/i><\/a><\/div><\/div>\t\t<\/div>\n\t\t\t\t<\/div>\n\t\t\t\t\t<\/div>\n\t\t<\/div>\n\t\t\t\t\t<\/div>\n\t\t<\/section>\n\t\t\t\t<\/div>","protected":false},"excerpt":{"rendered":"<p>Actualit\u00e9s All centre de convalescence Clinique estetica immobili\u00e8re ben hassine P\u00f4le de Chirurgie et M\u00e9decine Esth\u00e9tique Le Groupe Ben Hassine \u00c9tend son Influence avec l&#8217;Inauguration Imminente de sa Clinique d&#8217;Esth\u00e9tique de Luxe Depuis sa fondation en 1982, avec une sp\u00e9cialisation initiale dans le domaine du chaufroid, le Groupe Ben Hassine a \u00e9volu\u00e9 et consolid\u00e9 son expertise, notamment dans le secteur de l&#8217;immobilier au cours des 23 derni\u00e8res ann\u00e9es. Aujourd&#8217;hui, capitalisant sur cette exp\u00e9rience et sa r\u00e9putation \u00e9tablie, le groupe franchit une nouvelle \u00e9tape dans\u2026 Lire la suite Complexe GREEN 2 Dans l&#039;\u00e9crin d&#039;un complexe r\u00e9sidentiel et h\u00f4telier hors du commun Lire la suite Bient\u00f4t : centre de convalescence Groupe Ben Hassine Pionnier dans l&#8217;Innovation avec son Projet de Centre de Convalescence Dans le paysage dynamique de l&#8217;innovation, le Groupe Ben Hassine se distingue une fois de plus en annon\u00e7ant un ambitieux projet qui promet de red\u00e9finir les normes de plusieurs secteurs d&#8217;activit\u00e9. Au c\u0153ur de cette initiative se trouve un tout nouveau concept : un centre de convalescence. Cette annonce marque une \u00e9tape significative dans l&#8217;\u00e9volution\u2026 Lire la suite<\/p>","protected":false},"author":1,"featured_media":0,"parent":0,"menu_order":0,"comment_status":"closed","ping_status":"closed","template":"elementor_header_footer","meta":{"footnotes":""},"class_list":["post-9279","page","type-page","status-publish","hentry"],"featured_media_urls":[],"_links":{"self":[{"href":"https:\/\/groupebenhassine.com\/en-en\/wp-json\/wp\/v2\/pages\/9279","targetHints":{"allow":["GET"]}}],"collection":[{"href":"https:\/\/groupebenhassine.com\/en-en\/wp-json\/wp\/v2\/pages"}],"about":[{"href":"https:\/\/groupebenhassine.com\/en-en\/wp-json\/wp\/v2\/types\/page"}],"author":[{"embeddable":true,"href":"https:\/\/groupebenhassine.com\/en-en\/wp-json\/wp\/v2\/users\/1"}],"replies":[{"embeddable":true,"href":"https:\/\/groupebenhassine.com\/en-en\/wp-json\/wp\/v2\/comments?post=9279"}],"version-history":[{"count":52,"href":"https:\/\/groupebenhassine.com\/en-en\/wp-json\/wp\/v2\/pages\/9279\/revisions"}],"predecessor-version":[{"id":12399,"href":"https:\/\/groupebenhassine.com\/en-en\/wp-json\/wp\/v2\/pages\/9279\/revisions\/12399"}],"wp:attachment":[{"href":"https:\/\/groupebenhassine.com\/en-en\/wp-json\/wp\/v2\/media?parent=9279"}],"curies":[{"name":"wp","href":"https:\/\/api.w.org\/{rel}","templated":true}]}}