{"id":12967,"date":"2024-12-20T10:28:56","date_gmt":"2024-12-20T10:28:56","guid":{"rendered":"https:\/\/groupebenhassine.com\/?page_id=12967"},"modified":"2024-12-20T12:27:33","modified_gmt":"2024-12-20T12:27:33","slug":"construction","status":"publish","type":"page","link":"https:\/\/groupebenhassine.com\/en-en\/construction\/","title":{"rendered":"Construction"},"content":{"rendered":"<div data-elementor-type=\"wp-page\" data-elementor-id=\"12967\" class=\"elementor elementor-12967\">\n\t\t\t\t\t\t<section class=\"elementor-section elementor-top-section elementor-element elementor-element-bdee915 elementor-section-boxed elementor-section-height-default elementor-section-height-default wpr-particle-no wpr-jarallax-no wpr-parallax-no wpr-sticky-section-no\" data-id=\"bdee915\" data-element_type=\"section\">\n\t\t\t\t\t\t<div class=\"elementor-container elementor-column-gap-default\">\n\t\t\t\t\t<div class=\"elementor-column elementor-col-100 elementor-top-column elementor-element elementor-element-9928e56\" data-id=\"9928e56\" data-element_type=\"column\">\n\t\t\t<div class=\"elementor-widget-wrap elementor-element-populated\">\n\t\t\t\t\t\t<div class=\"elementor-element elementor-element-01c666b elementor-widget__width-initial eael-fg-card-content-align-center elementor-widget elementor-widget-eael-filterable-gallery\" data-id=\"01c666b\" data-element_type=\"widget\" data-settings=\"{&quot;photo_gallery&quot;:&quot;yes&quot;}\" data-widget_type=\"eael-filterable-gallery.default\">\n\t\t\t\t<div class=\"elementor-widget-container\">\n\t\t\t<style id=\"eael-fg-inline-css-01c666b\">@media only screen and (max-width: 2399px) {\n\t\t\t\t\t.elementor-element.elementor-element-01c666b .eael-filterable-gallery-item-wrap {\n\t\t\t\t\t        width: 50%;\n\t\t\t\t\t    }\n\t\t\t\t\t}@media only screen and (max-width: 1024px) {\n\t\t\t\t\t.elementor-element.elementor-element-01c666b  .eael-filterable-gallery-item-wrap {\n\t\t\t\t\t        width: 50%;\n\t\t\t\t\t    }\n\t\t\t\t\t}@media only screen and (max-width: 767px) {\n\t\t\t\t\t.elementor-element.elementor-element-01c666b  .eael-filterable-gallery-item-wrap {\n\t\t\t\t\t        width: 100%;\n\t\t\t\t\t    }\n\t\t\t\t\t}<\/style>        <div id=\"eael-filter-gallery-wrapper-01c666b\" class=\"eael-filter-gallery-wrapper\" data-layout-mode=\"card\" data-breakpoints=\"{&quot;mobile&quot;:{&quot;label&quot;:&quot;Mobile Portrait&quot;,&quot;value&quot;:767,&quot;default_value&quot;:767,&quot;direction&quot;:&quot;max&quot;,&quot;is_enabled&quot;:true},&quot;mobile_extra&quot;:{&quot;label&quot;:&quot;Mobile Landscape&quot;,&quot;value&quot;:880,&quot;default_value&quot;:880,&quot;direction&quot;:&quot;max&quot;,&quot;is_enabled&quot;:false},&quot;tablet&quot;:{&quot;label&quot;:&quot;Tablet Portrait&quot;,&quot;value&quot;:1024,&quot;default_value&quot;:1024,&quot;direction&quot;:&quot;max&quot;,&quot;is_enabled&quot;:true},&quot;tablet_extra&quot;:{&quot;label&quot;:&quot;Tablet Landscape&quot;,&quot;value&quot;:1200,&quot;default_value&quot;:1200,&quot;direction&quot;:&quot;max&quot;,&quot;is_enabled&quot;:false},&quot;laptop&quot;:{&quot;label&quot;:&quot;Laptop&quot;,&quot;value&quot;:1366,&quot;default_value&quot;:1366,&quot;direction&quot;:&quot;max&quot;,&quot;is_enabled&quot;:false},&quot;widescreen&quot;:{&quot;label&quot;:&quot;Widescreen&quot;,&quot;value&quot;:2400,&quot;default_value&quot;:2400,&quot;direction&quot;:&quot;min&quot;,&quot;is_enabled&quot;:false}}\" data-default_control_key=\"0\" data-custom_default_control=\"\">\n            \n                        <div class=\"eael-filter-gallery-control\">\n                <ul><li data-load-more-status=\"0\" data-first-init=\"1\" class=\"control all-control  active\" data-filter=\"*\">Tous<\/li><li  data-load-more-status=\"0\" data-first-init=\"0\"\n                        class=\"control\" data-filter=\".eael-cf-b\u00e2timents-administratifs\">Administrative Buildings<\/li><li  data-load-more-status=\"0\" data-first-init=\"0\"\n                        class=\"control\" data-filter=\".eael-cf-a\u00e9roports\">Airports<\/li><li  data-load-more-status=\"0\" data-first-init=\"0\"\n                        class=\"control\" data-filter=\".eael-cf-centres-commerciaux-et-sportifs\">Commercial and sport centers<\/li><li  data-load-more-status=\"0\" data-first-init=\"0\"\n                        class=\"control\" data-filter=\".eael-cf-\u00c9ducation-et-formation\">Education and Training<\/li><li  data-load-more-status=\"0\" data-first-init=\"0\"\n                        class=\"control\" data-filter=\".eael-cf-high-tech-et-r\u00e9sidences\">High-Tech and Residences<\/li><li  data-load-more-status=\"0\" data-first-init=\"0\"\n                        class=\"control\" data-filter=\".eael-cf-h\u00f4pitaux\">Hospitals<\/li><li  data-load-more-status=\"0\" data-first-init=\"0\"\n                        class=\"control\" data-filter=\".eael-cf-h\u00f4tels\">H\u00f4tels<\/li><\/ul>\n            <\/div>\n            \n            <div class=\"eael-filter-gallery-container eael-filter-gallery-grid\" data-images-per-page=\"\" data-total-gallery-items=\"7\" data-nomore-item-text=\"\" data-is-randomize=\"no\" data-settings=\"{&quot;grid_style&quot;:&quot;grid&quot;,&quot;popup&quot;:&quot;media&quot;,&quot;duration&quot;:500,&quot;gallery_enabled&quot;:&quot;yes&quot;,&quot;video_gallery_yt_privacy&quot;:&quot;&quot;,&quot;control_all_text&quot;:&quot;Tous&quot;,&quot;post_id&quot;:12967,&quot;widget_id&quot;:&quot;01c666b&quot;}\" data-search-all=\"\" data-gallery-items=\"WyI8ZGl2IGNsYXNzPVwiZWFlbC1maWx0ZXJhYmxlLWdhbGxlcnktaXRlbS13cmFwIGVhZWwtY2YtYlx1MDBlMnRpbWVudHMtYWRtaW5pc3RyYXRpZnNcIj5cblx0XHRcdFx0PGRpdiBjbGFzcz1cImVhZWwtZ2FsbGVyeS1ncmlkLWl0ZW1cIj48YSBhcmlhLWhpZGRlbj1cInRydWVcIiBhcmlhLWxhYmVsPVwiZWFlbC1tYWduaWZpYy1saW5rXCIgaHJlZj1cImh0dHBzOlwvXC9ncm91cGViZW5oYXNzaW5lLmNvbVwvd3AtY29udGVudFwvdXBsb2Fkc1wvMjAyNFwvMTJcL0FkbWluaXN0cmF0aXZlLUJ1aWxkaW5ncy5qcGdcIiBjbGFzcz1cImVhZWwtbWFnbmlmaWMtbGluayBlYWVsLW1hZ25pZmljLWxpbmstY2xvbmUgYWN0aXZlIG1lZGlhLWNvbnRlbnQtd3JhcFwiIGRhdGEtZWxlbWVudG9yLW9wZW4tbGlnaHRib3g9XCJ5ZXNcIiB0aXRsZT1cIlwiPjxkaXYgY2xhc3M9XCJnYWxsZXJ5LWl0ZW0tdGh1bWJuYWlsLXdyYXBcIj48aW1nIHNyYz1cImh0dHBzOlwvXC9ncm91cGViZW5oYXNzaW5lLmNvbVwvd3AtY29udGVudFwvdXBsb2Fkc1wvMjAyNFwvMTJcL0FkbWluaXN0cmF0aXZlLUJ1aWxkaW5ncy5qcGdcIiBkYXRhLWxhenktc3JjPVwiaHR0cHM6XC9cL2dyb3VwZWJlbmhhc3NpbmUuY29tXC93cC1jb250ZW50XC91cGxvYWRzXC8yMDI0XC8xMlwvQWRtaW5pc3RyYXRpdmUtQnVpbGRpbmdzLmpwZ1wiIGFsdD1cIkJcdTAwZTJ0aW1lbnRzIGFkbWluaXN0cmF0aWZzXCIgY2xhc3M9XCJnYWxsZXJ5LWl0ZW0tdGh1bWJuYWlsXCI+PGRpdiBjbGFzcz1cImdhbGxlcnktaXRlbS1jYXB0aW9uLXdyYXAgY2FyZC1ob3Zlci1iZyBjYXB0aW9uLXN0eWxlLWhvdmVyZXIgXCI+PFwvZGl2PjxcL2Rpdj48XC9hPjxkaXYgY2xhc3M9XCJnYWxsZXJ5LWl0ZW0tY2FwdGlvbi13cmFwIGNhcHRpb24tc3R5bGUtY2FyZCBcIj48ZGl2IGNsYXNzPVwiZ2FsbGVyeS1pdGVtLWNhcHRpb24tb3ZlclwiPjxhIGhyZWY9XCIjXCI+PGgyIGNsYXNzPVwiZmctaXRlbS10aXRsZVwiPkJcdTAwZTJ0aW1lbnRzIGFkbWluaXN0cmF0aWZzPFwvaDI+PFwvYT48XC9kaXY+PFwvZGl2PjxcL2E+PFwvZGl2PjxcL2Rpdj4iLCI8ZGl2IGNsYXNzPVwiZWFlbC1maWx0ZXJhYmxlLWdhbGxlcnktaXRlbS13cmFwIGVhZWwtY2YtYVx1MDBlOXJvcG9ydHNcIj5cblx0XHRcdFx0PGRpdiBjbGFzcz1cImVhZWwtZ2FsbGVyeS1ncmlkLWl0ZW1cIj48YSBhcmlhLWhpZGRlbj1cInRydWVcIiBhcmlhLWxhYmVsPVwiZWFlbC1tYWduaWZpYy1saW5rXCIgaHJlZj1cImh0dHBzOlwvXC9ncm91cGViZW5oYXNzaW5lLmNvbVwvd3AtY29udGVudFwvdXBsb2Fkc1wvMjAyNFwvMTJcL0FpcnBvcnRzLmpwZ1wiIGNsYXNzPVwiZWFlbC1tYWduaWZpYy1saW5rIGVhZWwtbWFnbmlmaWMtbGluay1jbG9uZSBhY3RpdmUgbWVkaWEtY29udGVudC13cmFwXCIgZGF0YS1lbGVtZW50b3Itb3Blbi1saWdodGJveD1cInllc1wiIHRpdGxlPVwiXCI+PGRpdiBjbGFzcz1cImdhbGxlcnktaXRlbS10aHVtYm5haWwtd3JhcFwiPjxpbWcgc3JjPVwiaHR0cHM6XC9cL2dyb3VwZWJlbmhhc3NpbmUuY29tXC93cC1jb250ZW50XC91cGxvYWRzXC8yMDI0XC8xMlwvQWlycG9ydHMuanBnXCIgZGF0YS1sYXp5LXNyYz1cImh0dHBzOlwvXC9ncm91cGViZW5oYXNzaW5lLmNvbVwvd3AtY29udGVudFwvdXBsb2Fkc1wvMjAyNFwvMTJcL0FpcnBvcnRzLmpwZ1wiIGFsdD1cIkFcdTAwZTlyb3BvcnRzXCIgY2xhc3M9XCJnYWxsZXJ5LWl0ZW0tdGh1bWJuYWlsXCI+PGRpdiBjbGFzcz1cImdhbGxlcnktaXRlbS1jYXB0aW9uLXdyYXAgY2FyZC1ob3Zlci1iZyBjYXB0aW9uLXN0eWxlLWhvdmVyZXIgXCI+PFwvZGl2PjxcL2Rpdj48XC9hPjxkaXYgY2xhc3M9XCJnYWxsZXJ5LWl0ZW0tY2FwdGlvbi13cmFwIGNhcHRpb24tc3R5bGUtY2FyZCBcIj48ZGl2IGNsYXNzPVwiZ2FsbGVyeS1pdGVtLWNhcHRpb24tb3ZlclwiPjxhIGhyZWY9XCIjXCI+PGgyIGNsYXNzPVwiZmctaXRlbS10aXRsZVwiPkFcdTAwZTlyb3BvcnRzPFwvaDI+PFwvYT48XC9kaXY+PFwvZGl2PjxcL2E+PFwvZGl2PjxcL2Rpdj4iLCI8ZGl2IGNsYXNzPVwiZWFlbC1maWx0ZXJhYmxlLWdhbGxlcnktaXRlbS13cmFwIGVhZWwtY2YtY2VudHJlcy1jb21tZXJjaWF1eC1ldC1zcG9ydGlmc1wiPlxuXHRcdFx0XHQ8ZGl2IGNsYXNzPVwiZWFlbC1nYWxsZXJ5LWdyaWQtaXRlbVwiPjxhIGFyaWEtaGlkZGVuPVwidHJ1ZVwiIGFyaWEtbGFiZWw9XCJlYWVsLW1hZ25pZmljLWxpbmtcIiBocmVmPVwiaHR0cHM6XC9cL2dyb3VwZWJlbmhhc3NpbmUuY29tXC93cC1jb250ZW50XC91cGxvYWRzXC8yMDI0XC8xMlwvQ29tbWVyY2lhbC1DZW50ZXJzLVNwb3J0cy1DZW50ZXIuanBnXCIgY2xhc3M9XCJlYWVsLW1hZ25pZmljLWxpbmsgZWFlbC1tYWduaWZpYy1saW5rLWNsb25lIGFjdGl2ZSBtZWRpYS1jb250ZW50LXdyYXBcIiBkYXRhLWVsZW1lbnRvci1vcGVuLWxpZ2h0Ym94PVwieWVzXCIgdGl0bGU9XCJcIj48ZGl2IGNsYXNzPVwiZ2FsbGVyeS1pdGVtLXRodW1ibmFpbC13cmFwXCI+PGltZyBzcmM9XCJodHRwczpcL1wvZ3JvdXBlYmVuaGFzc2luZS5jb21cL3dwLWNvbnRlbnRcL3VwbG9hZHNcLzIwMjRcLzEyXC9Db21tZXJjaWFsLUNlbnRlcnMtU3BvcnRzLUNlbnRlci5qcGdcIiBkYXRhLWxhenktc3JjPVwiaHR0cHM6XC9cL2dyb3VwZWJlbmhhc3NpbmUuY29tXC93cC1jb250ZW50XC91cGxvYWRzXC8yMDI0XC8xMlwvQ29tbWVyY2lhbC1DZW50ZXJzLVNwb3J0cy1DZW50ZXIuanBnXCIgYWx0PVwiQ2VudHJlcyBjb21tZXJjaWF1eCBldCBzcG9ydGlmc1wiIGNsYXNzPVwiZ2FsbGVyeS1pdGVtLXRodW1ibmFpbFwiPjxkaXYgY2xhc3M9XCJnYWxsZXJ5LWl0ZW0tY2FwdGlvbi13cmFwIGNhcmQtaG92ZXItYmcgY2FwdGlvbi1zdHlsZS1ob3ZlcmVyIFwiPjxcL2Rpdj48XC9kaXY+PFwvYT48ZGl2IGNsYXNzPVwiZ2FsbGVyeS1pdGVtLWNhcHRpb24td3JhcCBjYXB0aW9uLXN0eWxlLWNhcmQgXCI+PGRpdiBjbGFzcz1cImdhbGxlcnktaXRlbS1jYXB0aW9uLW92ZXJcIj48YSBocmVmPVwiI1wiPjxoMiBjbGFzcz1cImZnLWl0ZW0tdGl0bGVcIj5DZW50cmVzIGNvbW1lcmNpYXV4IGV0IHNwb3J0aWZzPFwvaDI+PFwvYT48XC9kaXY+PFwvZGl2PjxcL2E+PFwvZGl2PjxcL2Rpdj4iLCI8ZGl2IGNsYXNzPVwiZWFlbC1maWx0ZXJhYmxlLWdhbGxlcnktaXRlbS13cmFwIGVhZWwtY2YtXHUwMGM5ZHVjYXRpb24tZXQtZm9ybWF0aW9uXCI+XG5cdFx0XHRcdDxkaXYgY2xhc3M9XCJlYWVsLWdhbGxlcnktZ3JpZC1pdGVtXCI+PGEgYXJpYS1oaWRkZW49XCJ0cnVlXCIgYXJpYS1sYWJlbD1cImVhZWwtbWFnbmlmaWMtbGlua1wiIGhyZWY9XCJodHRwczpcL1wvZ3JvdXBlYmVuaGFzc2luZS5jb21cL3dwLWNvbnRlbnRcL3VwbG9hZHNcLzIwMjRcLzEyXC9FZHVjYXRpb24tYW5kLVRyYWluaW5nLmpwZ1wiIGNsYXNzPVwiZWFlbC1tYWduaWZpYy1saW5rIGVhZWwtbWFnbmlmaWMtbGluay1jbG9uZSBhY3RpdmUgbWVkaWEtY29udGVudC13cmFwXCIgZGF0YS1lbGVtZW50b3Itb3Blbi1saWdodGJveD1cInllc1wiIHRpdGxlPVwiXCI+PGRpdiBjbGFzcz1cImdhbGxlcnktaXRlbS10aHVtYm5haWwtd3JhcFwiPjxpbWcgc3JjPVwiaHR0cHM6XC9cL2dyb3VwZWJlbmhhc3NpbmUuY29tXC93cC1jb250ZW50XC91cGxvYWRzXC8yMDI0XC8xMlwvRWR1Y2F0aW9uLWFuZC1UcmFpbmluZy5qcGdcIiBkYXRhLWxhenktc3JjPVwiaHR0cHM6XC9cL2dyb3VwZWJlbmhhc3NpbmUuY29tXC93cC1jb250ZW50XC91cGxvYWRzXC8yMDI0XC8xMlwvRWR1Y2F0aW9uLWFuZC1UcmFpbmluZy5qcGdcIiBhbHQ9XCJcdTAwYzlkdWNhdGlvbiBldCBmb3JtYXRpb25cIiBjbGFzcz1cImdhbGxlcnktaXRlbS10aHVtYm5haWxcIj48ZGl2IGNsYXNzPVwiZ2FsbGVyeS1pdGVtLWNhcHRpb24td3JhcCBjYXJkLWhvdmVyLWJnIGNhcHRpb24tc3R5bGUtaG92ZXJlciBcIj48XC9kaXY+PFwvZGl2PjxcL2E+PGRpdiBjbGFzcz1cImdhbGxlcnktaXRlbS1jYXB0aW9uLXdyYXAgY2FwdGlvbi1zdHlsZS1jYXJkIFwiPjxkaXYgY2xhc3M9XCJnYWxsZXJ5LWl0ZW0tY2FwdGlvbi1vdmVyXCI+PGEgaHJlZj1cIiNcIj48aDIgY2xhc3M9XCJmZy1pdGVtLXRpdGxlXCI+XHUwMGM5ZHVjYXRpb24gZXQgZm9ybWF0aW9uPFwvaDI+PFwvYT48XC9kaXY+PFwvZGl2PjxcL2E+PFwvZGl2PjxcL2Rpdj4iLCI8ZGl2IGNsYXNzPVwiZWFlbC1maWx0ZXJhYmxlLWdhbGxlcnktaXRlbS13cmFwIGVhZWwtY2YtaGlnaC10ZWNoLWV0LXJcdTAwZTlzaWRlbmNlc1wiPlxuXHRcdFx0XHQ8ZGl2IGNsYXNzPVwiZWFlbC1nYWxsZXJ5LWdyaWQtaXRlbVwiPjxhIGFyaWEtaGlkZGVuPVwidHJ1ZVwiIGFyaWEtbGFiZWw9XCJlYWVsLW1hZ25pZmljLWxpbmtcIiBocmVmPVwiaHR0cHM6XC9cL2dyb3VwZWJlbmhhc3NpbmUuY29tXC93cC1jb250ZW50XC91cGxvYWRzXC8yMDI0XC8xMlwvSGlnaC1UZWNoLVJlc2lkZW5jZXMuanBnXCIgY2xhc3M9XCJlYWVsLW1hZ25pZmljLWxpbmsgZWFlbC1tYWduaWZpYy1saW5rLWNsb25lIGFjdGl2ZSBtZWRpYS1jb250ZW50LXdyYXBcIiBkYXRhLWVsZW1lbnRvci1vcGVuLWxpZ2h0Ym94PVwieWVzXCIgdGl0bGU9XCJcIj48ZGl2IGNsYXNzPVwiZ2FsbGVyeS1pdGVtLXRodW1ibmFpbC13cmFwXCI+PGltZyBzcmM9XCJodHRwczpcL1wvZ3JvdXBlYmVuaGFzc2luZS5jb21cL3dwLWNvbnRlbnRcL3VwbG9hZHNcLzIwMjRcLzEyXC9IaWdoLVRlY2gtUmVzaWRlbmNlcy5qcGdcIiBkYXRhLWxhenktc3JjPVwiaHR0cHM6XC9cL2dyb3VwZWJlbmhhc3NpbmUuY29tXC93cC1jb250ZW50XC91cGxvYWRzXC8yMDI0XC8xMlwvSGlnaC1UZWNoLVJlc2lkZW5jZXMuanBnXCIgYWx0PVwiSGlnaC1UZWNoIGV0IFJcdTAwZTlzaWRlbmNlc1wiIGNsYXNzPVwiZ2FsbGVyeS1pdGVtLXRodW1ibmFpbFwiPjxkaXYgY2xhc3M9XCJnYWxsZXJ5LWl0ZW0tY2FwdGlvbi13cmFwIGNhcmQtaG92ZXItYmcgY2FwdGlvbi1zdHlsZS1ob3ZlcmVyIFwiPjxcL2Rpdj48XC9kaXY+PFwvYT48ZGl2IGNsYXNzPVwiZ2FsbGVyeS1pdGVtLWNhcHRpb24td3JhcCBjYXB0aW9uLXN0eWxlLWNhcmQgXCI+PGRpdiBjbGFzcz1cImdhbGxlcnktaXRlbS1jYXB0aW9uLW92ZXJcIj48YSBocmVmPVwiI1wiPjxoMiBjbGFzcz1cImZnLWl0ZW0tdGl0bGVcIj5IaWdoLVRlY2ggZXQgUlx1MDBlOXNpZGVuY2VzPFwvaDI+PFwvYT48XC9kaXY+PFwvZGl2PjxcL2E+PFwvZGl2PjxcL2Rpdj4iLCI8ZGl2IGNsYXNzPVwiZWFlbC1maWx0ZXJhYmxlLWdhbGxlcnktaXRlbS13cmFwIGVhZWwtY2YtaFx1MDBmNHBpdGF1eFwiPlxuXHRcdFx0XHQ8ZGl2IGNsYXNzPVwiZWFlbC1nYWxsZXJ5LWdyaWQtaXRlbVwiPjxhIGFyaWEtaGlkZGVuPVwidHJ1ZVwiIGFyaWEtbGFiZWw9XCJlYWVsLW1hZ25pZmljLWxpbmtcIiBocmVmPVwiaHR0cHM6XC9cL2dyb3VwZWJlbmhhc3NpbmUuY29tXC93cC1jb250ZW50XC91cGxvYWRzXC8yMDI0XC8xMlwvSG9zcGl0YWxzLmpwZ1wiIGNsYXNzPVwiZWFlbC1tYWduaWZpYy1saW5rIGVhZWwtbWFnbmlmaWMtbGluay1jbG9uZSBhY3RpdmUgbWVkaWEtY29udGVudC13cmFwXCIgZGF0YS1lbGVtZW50b3Itb3Blbi1saWdodGJveD1cInllc1wiIHRpdGxlPVwiXCI+PGRpdiBjbGFzcz1cImdhbGxlcnktaXRlbS10aHVtYm5haWwtd3JhcFwiPjxpbWcgc3JjPVwiaHR0cHM6XC9cL2dyb3VwZWJlbmhhc3NpbmUuY29tXC93cC1jb250ZW50XC91cGxvYWRzXC8yMDI0XC8xMlwvSG9zcGl0YWxzLmpwZ1wiIGRhdGEtbGF6eS1zcmM9XCJodHRwczpcL1wvZ3JvdXBlYmVuaGFzc2luZS5jb21cL3dwLWNvbnRlbnRcL3VwbG9hZHNcLzIwMjRcLzEyXC9Ib3NwaXRhbHMuanBnXCIgYWx0PVwiSFx1MDBmNHBpdGF1eFwiIGNsYXNzPVwiZ2FsbGVyeS1pdGVtLXRodW1ibmFpbFwiPjxkaXYgY2xhc3M9XCJnYWxsZXJ5LWl0ZW0tY2FwdGlvbi13cmFwIGNhcmQtaG92ZXItYmcgY2FwdGlvbi1zdHlsZS1ob3ZlcmVyIFwiPjxcL2Rpdj48XC9kaXY+PFwvYT48ZGl2IGNsYXNzPVwiZ2FsbGVyeS1pdGVtLWNhcHRpb24td3JhcCBjYXB0aW9uLXN0eWxlLWNhcmQgXCI+PGRpdiBjbGFzcz1cImdhbGxlcnktaXRlbS1jYXB0aW9uLW92ZXJcIj48YSBocmVmPVwiI1wiPjxoMiBjbGFzcz1cImZnLWl0ZW0tdGl0bGVcIj5IXHUwMGY0cGl0YXV4PFwvaDI+PFwvYT48XC9kaXY+PFwvZGl2PjxcL2E+PFwvZGl2PjxcL2Rpdj4iLCI8ZGl2IGNsYXNzPVwiZWFlbC1maWx0ZXJhYmxlLWdhbGxlcnktaXRlbS13cmFwIGVhZWwtY2YtaFx1MDBmNHRlbHNcIj5cblx0XHRcdFx0PGRpdiBjbGFzcz1cImVhZWwtZ2FsbGVyeS1ncmlkLWl0ZW1cIj48YSBhcmlhLWhpZGRlbj1cInRydWVcIiBhcmlhLWxhYmVsPVwiZWFlbC1tYWduaWZpYy1saW5rXCIgaHJlZj1cImh0dHBzOlwvXC9ncm91cGViZW5oYXNzaW5lLmNvbVwvd3AtY29udGVudFwvdXBsb2Fkc1wvMjAyNFwvMTJcL0hvdGVscy5qcGdcIiBjbGFzcz1cImVhZWwtbWFnbmlmaWMtbGluayBlYWVsLW1hZ25pZmljLWxpbmstY2xvbmUgYWN0aXZlIG1lZGlhLWNvbnRlbnQtd3JhcFwiIGRhdGEtZWxlbWVudG9yLW9wZW4tbGlnaHRib3g9XCJ5ZXNcIiB0aXRsZT1cIlwiPjxkaXYgY2xhc3M9XCJnYWxsZXJ5LWl0ZW0tdGh1bWJuYWlsLXdyYXBcIj48aW1nIHNyYz1cImh0dHBzOlwvXC9ncm91cGViZW5oYXNzaW5lLmNvbVwvd3AtY29udGVudFwvdXBsb2Fkc1wvMjAyNFwvMTJcL0hvdGVscy5qcGdcIiBkYXRhLWxhenktc3JjPVwiaHR0cHM6XC9cL2dyb3VwZWJlbmhhc3NpbmUuY29tXC93cC1jb250ZW50XC91cGxvYWRzXC8yMDI0XC8xMlwvSG90ZWxzLmpwZ1wiIGFsdD1cIkhcdTAwZjR0ZWxzXCIgY2xhc3M9XCJnYWxsZXJ5LWl0ZW0tdGh1bWJuYWlsXCI+PGRpdiBjbGFzcz1cImdhbGxlcnktaXRlbS1jYXB0aW9uLXdyYXAgY2FyZC1ob3Zlci1iZyBjYXB0aW9uLXN0eWxlLWhvdmVyZXIgXCI+PFwvZGl2PjxcL2Rpdj48XC9hPjxkaXYgY2xhc3M9XCJnYWxsZXJ5LWl0ZW0tY2FwdGlvbi13cmFwIGNhcHRpb24tc3R5bGUtY2FyZCBcIj48ZGl2IGNsYXNzPVwiZ2FsbGVyeS1pdGVtLWNhcHRpb24tb3ZlclwiPjxhIGhyZWY9XCIjXCI+PGgyIGNsYXNzPVwiZmctaXRlbS10aXRsZVwiPkhcdTAwZjR0ZWxzPFwvaDI+PFwvYT48XC9kaXY+PFwvZGl2PjxcL2E+PFwvZGl2PjxcL2Rpdj4iXQ==\" data-init-show=\"6\">\n                <div class=\"eael-filterable-gallery-item-wrap eael-cf-b\u00e2timents-administratifs\">\n\t\t\t\t<div class=\"eael-gallery-grid-item\"><a aria-hidden=\"true\" aria-label=\"eael-magnific-link\" href=\"https:\/\/groupebenhassine.com\/wp-content\/uploads\/2024\/12\/Administrative-Buildings.jpg\" class=\"eael-magnific-link eael-magnific-link-clone active media-content-wrap\" data-elementor-open-lightbox=\"yes\" title=\"\"><div class=\"gallery-item-thumbnail-wrap\"><img decoding=\"async\" src=\"https:\/\/groupebenhassine.com\/wp-content\/uploads\/2024\/12\/Administrative-Buildings.jpg\" data-lazy-src=\"https:\/\/groupebenhassine.com\/wp-content\/uploads\/2024\/12\/Administrative-Buildings.jpg\" alt=\"B\u00e2timents administratifs\" class=\"gallery-item-thumbnail\"><div class=\"gallery-item-caption-wrap card-hover-bg caption-style-hoverer\"><\/div><\/div><\/a><div class=\"gallery-item-caption-wrap caption-style-card\"><div class=\"gallery-item-caption-over\"><a href=\"#\"><h2 class=\"fg-item-title\">Administrative Buildings<\/h2><\/a><\/div><\/div><\/a><\/div><\/div><div class=\"eael-filterable-gallery-item-wrap eael-cf-a\u00e9roports\">\n\t\t\t\t<div class=\"eael-gallery-grid-item\"><a aria-hidden=\"true\" aria-label=\"eael-magnific-link\" href=\"https:\/\/groupebenhassine.com\/wp-content\/uploads\/2024\/12\/Airports.jpg\" class=\"eael-magnific-link eael-magnific-link-clone active media-content-wrap\" data-elementor-open-lightbox=\"yes\" title=\"\"><div class=\"gallery-item-thumbnail-wrap\"><img decoding=\"async\" src=\"https:\/\/groupebenhassine.com\/wp-content\/uploads\/2024\/12\/Airports.jpg\" data-lazy-src=\"https:\/\/groupebenhassine.com\/wp-content\/uploads\/2024\/12\/Airports.jpg\" alt=\"A\u00e9roports\" class=\"gallery-item-thumbnail\"><div class=\"gallery-item-caption-wrap card-hover-bg caption-style-hoverer\"><\/div><\/div><\/a><div class=\"gallery-item-caption-wrap caption-style-card\"><div class=\"gallery-item-caption-over\"><a href=\"#\"><h2 class=\"fg-item-title\">Airports<\/h2><\/a><\/div><\/div><\/a><\/div><\/div><div class=\"eael-filterable-gallery-item-wrap eael-cf-centres-commerciaux-et-sportifs\">\n\t\t\t\t<div class=\"eael-gallery-grid-item\"><a aria-hidden=\"true\" aria-label=\"eael-magnific-link\" href=\"https:\/\/groupebenhassine.com\/wp-content\/uploads\/2024\/12\/Commercial-Centers-Sports-Center.jpg\" class=\"eael-magnific-link eael-magnific-link-clone active media-content-wrap\" data-elementor-open-lightbox=\"yes\" title=\"\"><div class=\"gallery-item-thumbnail-wrap\"><img decoding=\"async\" src=\"https:\/\/groupebenhassine.com\/wp-content\/uploads\/2024\/12\/Commercial-Centers-Sports-Center.jpg\" data-lazy-src=\"https:\/\/groupebenhassine.com\/wp-content\/uploads\/2024\/12\/Commercial-Centers-Sports-Center.jpg\" alt=\"Centres commerciaux et sportifs\" class=\"gallery-item-thumbnail\"><div class=\"gallery-item-caption-wrap card-hover-bg caption-style-hoverer\"><\/div><\/div><\/a><div class=\"gallery-item-caption-wrap caption-style-card\"><div class=\"gallery-item-caption-over\"><a href=\"#\"><h2 class=\"fg-item-title\">Commercial and sport centers<\/h2><\/a><\/div><\/div><\/a><\/div><\/div><div class=\"eael-filterable-gallery-item-wrap eael-cf-\u00c9ducation-et-formation\">\n\t\t\t\t<div class=\"eael-gallery-grid-item\"><a aria-hidden=\"true\" aria-label=\"eael-magnific-link\" href=\"https:\/\/groupebenhassine.com\/wp-content\/uploads\/2024\/12\/Education-and-Training.jpg\" class=\"eael-magnific-link eael-magnific-link-clone active media-content-wrap\" data-elementor-open-lightbox=\"yes\" title=\"\"><div class=\"gallery-item-thumbnail-wrap\"><img decoding=\"async\" src=\"https:\/\/groupebenhassine.com\/wp-content\/uploads\/2024\/12\/Education-and-Training.jpg\" data-lazy-src=\"https:\/\/groupebenhassine.com\/wp-content\/uploads\/2024\/12\/Education-and-Training.jpg\" alt=\"\u00c9ducation et formation\" class=\"gallery-item-thumbnail\"><div class=\"gallery-item-caption-wrap card-hover-bg caption-style-hoverer\"><\/div><\/div><\/a><div class=\"gallery-item-caption-wrap caption-style-card\"><div class=\"gallery-item-caption-over\"><a href=\"#\"><h2 class=\"fg-item-title\">Education and Training<\/h2><\/a><\/div><\/div><\/a><\/div><\/div><div class=\"eael-filterable-gallery-item-wrap eael-cf-high-tech-et-r\u00e9sidences\">\n\t\t\t\t<div class=\"eael-gallery-grid-item\"><a aria-hidden=\"true\" aria-label=\"eael-magnific-link\" href=\"https:\/\/groupebenhassine.com\/wp-content\/uploads\/2024\/12\/High-Tech-Residences.jpg\" class=\"eael-magnific-link eael-magnific-link-clone active media-content-wrap\" data-elementor-open-lightbox=\"yes\" title=\"\"><div class=\"gallery-item-thumbnail-wrap\"><img decoding=\"async\" src=\"https:\/\/groupebenhassine.com\/wp-content\/uploads\/2024\/12\/High-Tech-Residences.jpg\" data-lazy-src=\"https:\/\/groupebenhassine.com\/wp-content\/uploads\/2024\/12\/High-Tech-Residences.jpg\" alt=\"High-Tech et R\u00e9sidences\" class=\"gallery-item-thumbnail\"><div class=\"gallery-item-caption-wrap card-hover-bg caption-style-hoverer\"><\/div><\/div><\/a><div class=\"gallery-item-caption-wrap caption-style-card\"><div class=\"gallery-item-caption-over\"><a href=\"#\"><h2 class=\"fg-item-title\">High-Tech and Residences<\/h2><\/a><\/div><\/div><\/a><\/div><\/div><div class=\"eael-filterable-gallery-item-wrap eael-cf-h\u00f4pitaux\">\n\t\t\t\t<div class=\"eael-gallery-grid-item\"><a aria-hidden=\"true\" aria-label=\"eael-magnific-link\" href=\"https:\/\/groupebenhassine.com\/wp-content\/uploads\/2024\/12\/Hospitals.jpg\" class=\"eael-magnific-link eael-magnific-link-clone active media-content-wrap\" data-elementor-open-lightbox=\"yes\" title=\"\"><div class=\"gallery-item-thumbnail-wrap\"><img decoding=\"async\" src=\"https:\/\/groupebenhassine.com\/wp-content\/uploads\/2024\/12\/Hospitals.jpg\" data-lazy-src=\"https:\/\/groupebenhassine.com\/wp-content\/uploads\/2024\/12\/Hospitals.jpg\" alt=\"H\u00f4pitaux\" class=\"gallery-item-thumbnail\"><div class=\"gallery-item-caption-wrap card-hover-bg caption-style-hoverer\"><\/div><\/div><\/a><div class=\"gallery-item-caption-wrap caption-style-card\"><div class=\"gallery-item-caption-over\"><a href=\"#\"><h2 class=\"fg-item-title\">Hospitals<\/h2><\/a><\/div><\/div><\/a><\/div><\/div>            <\/div>\n            \n                    <\/div>\n        \n        \t\t<\/div>\n\t\t\t\t<\/div>\n\t\t\t\t\t<\/div>\n\t\t<\/div>\n\t\t\t\t\t<\/div>\n\t\t<\/section>\n\t\t\t\t<\/div>","protected":false},"excerpt":{"rendered":"<p>Tous B\u00e2timents administratifs A\u00e9roports Centres commerciaux et sportifs \u00c9ducation et formation High-Tech et R\u00e9sidences H\u00f4pitaux H\u00f4tels B\u00e2timents administratifs A\u00e9roports Centres commerciaux et sportifs \u00c9ducation et formation High-Tech et R\u00e9sidences H\u00f4pitaux<\/p>","protected":false},"author":1,"featured_media":0,"parent":0,"menu_order":0,"comment_status":"closed","ping_status":"closed","template":"","meta":{"footnotes":""},"class_list":["post-12967","page","type-page","status-publish","hentry"],"featured_media_urls":[],"_links":{"self":[{"href":"https:\/\/groupebenhassine.com\/en-en\/wp-json\/wp\/v2\/pages\/12967","targetHints":{"allow":["GET"]}}],"collection":[{"href":"https:\/\/groupebenhassine.com\/en-en\/wp-json\/wp\/v2\/pages"}],"about":[{"href":"https:\/\/groupebenhassine.com\/en-en\/wp-json\/wp\/v2\/types\/page"}],"author":[{"embeddable":true,"href":"https:\/\/groupebenhassine.com\/en-en\/wp-json\/wp\/v2\/users\/1"}],"replies":[{"embeddable":true,"href":"https:\/\/groupebenhassine.com\/en-en\/wp-json\/wp\/v2\/comments?post=12967"}],"version-history":[{"count":47,"href":"https:\/\/groupebenhassine.com\/en-en\/wp-json\/wp\/v2\/pages\/12967\/revisions"}],"predecessor-version":[{"id":13111,"href":"https:\/\/groupebenhassine.com\/en-en\/wp-json\/wp\/v2\/pages\/12967\/revisions\/13111"}],"wp:attachment":[{"href":"https:\/\/groupebenhassine.com\/en-en\/wp-json\/wp\/v2\/media?parent=12967"}],"curies":[{"name":"wp","href":"https:\/\/api.w.org\/{rel}","templated":true}]}}