{"id":12861,"date":"2024-12-16T11:02:00","date_gmt":"2024-12-16T11:02:00","guid":{"rendered":"https:\/\/groupebenhassine.com\/?page_id=12861"},"modified":"2024-12-16T11:06:45","modified_gmt":"2024-12-16T11:06:45","slug":"references","status":"publish","type":"page","link":"https:\/\/groupebenhassine.com\/en-en\/references\/","title":{"rendered":"R\u00e9ferences"},"content":{"rendered":"<div data-elementor-type=\"wp-page\" data-elementor-id=\"12861\" class=\"elementor elementor-12861\">\n\t\t\t\t\t\t<section class=\"elementor-section elementor-top-section elementor-element elementor-element-bdee915 elementor-section-boxed elementor-section-height-default elementor-section-height-default wpr-particle-no wpr-jarallax-no wpr-parallax-no wpr-sticky-section-no\" data-id=\"bdee915\" data-element_type=\"section\">\n\t\t\t\t\t\t<div class=\"elementor-container elementor-column-gap-default\">\n\t\t\t\t\t<div class=\"elementor-column elementor-col-100 elementor-top-column elementor-element elementor-element-9928e56\" data-id=\"9928e56\" data-element_type=\"column\">\n\t\t\t<div class=\"elementor-widget-wrap elementor-element-populated\">\n\t\t\t\t\t\t<div class=\"elementor-element elementor-element-01c666b elementor-widget__width-initial eael-fg-hoverer-content-align-left elementor-widget elementor-widget-eael-filterable-gallery\" data-id=\"01c666b\" data-element_type=\"widget\" data-settings=\"{&quot;photo_gallery&quot;:&quot;yes&quot;}\" data-widget_type=\"eael-filterable-gallery.default\">\n\t\t\t\t<div class=\"elementor-widget-container\">\n\t\t\t<style id=\"eael-fg-inline-css-01c666b\">@media only screen and (max-width: 2399px) {\n\t\t\t\t\t.elementor-element.elementor-element-01c666b .eael-filterable-gallery-item-wrap {\n\t\t\t\t\t        width: 33.333333333333%;\n\t\t\t\t\t    }\n\t\t\t\t\t}@media only screen and (max-width: 1024px) {\n\t\t\t\t\t.elementor-element.elementor-element-01c666b  .eael-filterable-gallery-item-wrap {\n\t\t\t\t\t        width: 50%;\n\t\t\t\t\t    }\n\t\t\t\t\t}@media only screen and (max-width: 767px) {\n\t\t\t\t\t.elementor-element.elementor-element-01c666b  .eael-filterable-gallery-item-wrap {\n\t\t\t\t\t        width: 100%;\n\t\t\t\t\t    }\n\t\t\t\t\t}<\/style>        <div id=\"eael-filter-gallery-wrapper-01c666b\" class=\"eael-filter-gallery-wrapper\" data-layout-mode=\"hoverer\" data-breakpoints=\"{&quot;mobile&quot;:{&quot;label&quot;:&quot;Mobile Portrait&quot;,&quot;value&quot;:767,&quot;default_value&quot;:767,&quot;direction&quot;:&quot;max&quot;,&quot;is_enabled&quot;:true},&quot;mobile_extra&quot;:{&quot;label&quot;:&quot;Mobile Landscape&quot;,&quot;value&quot;:880,&quot;default_value&quot;:880,&quot;direction&quot;:&quot;max&quot;,&quot;is_enabled&quot;:false},&quot;tablet&quot;:{&quot;label&quot;:&quot;Tablet Portrait&quot;,&quot;value&quot;:1024,&quot;default_value&quot;:1024,&quot;direction&quot;:&quot;max&quot;,&quot;is_enabled&quot;:true},&quot;tablet_extra&quot;:{&quot;label&quot;:&quot;Tablet Landscape&quot;,&quot;value&quot;:1200,&quot;default_value&quot;:1200,&quot;direction&quot;:&quot;max&quot;,&quot;is_enabled&quot;:false},&quot;laptop&quot;:{&quot;label&quot;:&quot;Laptop&quot;,&quot;value&quot;:1366,&quot;default_value&quot;:1366,&quot;direction&quot;:&quot;max&quot;,&quot;is_enabled&quot;:false},&quot;widescreen&quot;:{&quot;label&quot;:&quot;Widescreen&quot;,&quot;value&quot;:2400,&quot;default_value&quot;:2400,&quot;direction&quot;:&quot;min&quot;,&quot;is_enabled&quot;:false}}\" data-default_control_key=\"0\" data-custom_default_control=\"\">\n            \n                        <div class=\"eael-filter-gallery-control\">\n                <ul><li data-load-more-status=\"0\" data-first-init=\"1\" class=\"control all-control  active\" data-filter=\"*\">all<\/li><li  data-load-more-status=\"0\" data-first-init=\"0\"\n                        class=\"control\" data-filter=\".eael-cf-immobilier\">Immobilier<\/li><li  data-load-more-status=\"0\" data-first-init=\"0\"\n                        class=\"control\" data-filter=\".eael-cf-construction\">Construction<\/li><li  data-load-more-status=\"0\" data-first-init=\"0\"\n                        class=\"control\" data-filter=\".eael-cf-n\u00e9goce\">Trading<\/li><\/ul>\n            <\/div>\n            \n            <div class=\"eael-filter-gallery-container masonry\" data-images-per-page=\"\" data-total-gallery-items=\"7\" data-nomore-item-text=\"\" data-is-randomize=\"no\" data-settings=\"{&quot;grid_style&quot;:&quot;masonry&quot;,&quot;popup&quot;:&quot;none&quot;,&quot;duration&quot;:500,&quot;gallery_enabled&quot;:&quot;yes&quot;,&quot;video_gallery_yt_privacy&quot;:&quot;&quot;,&quot;control_all_text&quot;:&quot;all&quot;,&quot;post_id&quot;:12861,&quot;widget_id&quot;:&quot;01c666b&quot;}\" data-search-all=\"\" data-gallery-items=\"WyI8ZGl2IGNsYXNzPVwiZWFlbC1maWx0ZXJhYmxlLWdhbGxlcnktaXRlbS13cmFwIGVhZWwtY2YtaW1tb2JpbGllclwiPlxuXHRcdFx0XHQ8ZGl2IGNsYXNzPVwiZWFlbC1nYWxsZXJ5LWdyaWQtaXRlbVwiPjxhID48ZGl2IGNsYXNzPVwiZ2FsbGVyeS1pdGVtLXRodW1ibmFpbC13cmFwXCI+PGltZyBzcmM9XCJodHRwczpcL1wvZ3JvdXBlYmVuaGFzc2luZS5jb21cL3dwLWNvbnRlbnRcL3VwbG9hZHNcLzIwMjRcLzEyXC9BZG1pbmlzdHJhdGl2ZS1CdWlsZGluZ3MuanBnXCIgZGF0YS1sYXp5LXNyYz1cImh0dHBzOlwvXC9ncm91cGViZW5oYXNzaW5lLmNvbVwvd3AtY29udGVudFwvdXBsb2Fkc1wvMjAyNFwvMTJcL0FkbWluaXN0cmF0aXZlLUJ1aWxkaW5ncy5qcGdcIiBhbHQ9XCJCXHUwMGUydGltZW50cyBhZG1pbmlzdHJhdGlmc1wiIGNsYXNzPVwiZ2FsbGVyeS1pdGVtLXRodW1ibmFpbFwiPjxcL2Rpdj48ZGl2IGNsYXNzPVwiZ2FsbGVyeS1pdGVtLWNhcHRpb24td3JhcCBjYXB0aW9uLXN0eWxlLWhvdmVyZXIgZWFlbC1mYWRlLWluXCI+PGRpdiBjbGFzcz1cImdhbGxlcnktaXRlbS1ob3ZlcmVyLWJnXCI+PFwvZGl2PjxkaXYgY2xhc3M9XCJnYWxsZXJ5LWl0ZW0tY2FwdGlvbi1vdmVyXCI+PGEgPjxoMiBjbGFzcz1cImZnLWl0ZW0tdGl0bGVcIj5CXHUwMGUydGltZW50cyBhZG1pbmlzdHJhdGlmczxcL2gyPjxcL2E+PFwvZGl2PjxcL2Rpdj48XC9hPjxcL2E+PFwvZGl2PjxcL2Rpdj4iLCI8ZGl2IGNsYXNzPVwiZWFlbC1maWx0ZXJhYmxlLWdhbGxlcnktaXRlbS13cmFwIGVhZWwtY2YtaW1tb2JpbGllclwiPlxuXHRcdFx0XHQ8ZGl2IGNsYXNzPVwiZWFlbC1nYWxsZXJ5LWdyaWQtaXRlbVwiPjxhID48ZGl2IGNsYXNzPVwiZ2FsbGVyeS1pdGVtLXRodW1ibmFpbC13cmFwXCI+PGltZyBzcmM9XCJodHRwczpcL1wvZ3JvdXBlYmVuaGFzc2luZS5jb21cL3dwLWNvbnRlbnRcL3VwbG9hZHNcLzIwMjRcLzEyXC9IaWdoLVRlY2gtUmVzaWRlbmNlcy5qcGdcIiBkYXRhLWxhenktc3JjPVwiaHR0cHM6XC9cL2dyb3VwZWJlbmhhc3NpbmUuY29tXC93cC1jb250ZW50XC91cGxvYWRzXC8yMDI0XC8xMlwvSGlnaC1UZWNoLVJlc2lkZW5jZXMuanBnXCIgYWx0PVwiUlx1MDBlOXNpZGVuY2VzXCIgY2xhc3M9XCJnYWxsZXJ5LWl0ZW0tdGh1bWJuYWlsXCI+PFwvZGl2PjxkaXYgY2xhc3M9XCJnYWxsZXJ5LWl0ZW0tY2FwdGlvbi13cmFwIGNhcHRpb24tc3R5bGUtaG92ZXJlciBlYWVsLWZhZGUtaW5cIj48ZGl2IGNsYXNzPVwiZ2FsbGVyeS1pdGVtLWhvdmVyZXItYmdcIj48XC9kaXY+PGRpdiBjbGFzcz1cImdhbGxlcnktaXRlbS1jYXB0aW9uLW92ZXJcIj48YSA+PGgyIGNsYXNzPVwiZmctaXRlbS10aXRsZVwiPlJcdTAwZTlzaWRlbmNlczxcL2gyPjxcL2E+PFwvZGl2PjxcL2Rpdj48XC9hPjxcL2E+PFwvZGl2PjxcL2Rpdj4iLCI8ZGl2IGNsYXNzPVwiZWFlbC1maWx0ZXJhYmxlLWdhbGxlcnktaXRlbS13cmFwIGVhZWwtY2YtY29uc3RydWN0aW9uXCI+XG5cdFx0XHRcdDxkaXYgY2xhc3M9XCJlYWVsLWdhbGxlcnktZ3JpZC1pdGVtXCI+PGEgPjxkaXYgY2xhc3M9XCJnYWxsZXJ5LWl0ZW0tdGh1bWJuYWlsLXdyYXBcIj48aW1nIHNyYz1cImh0dHBzOlwvXC9ncm91cGViZW5oYXNzaW5lLmNvbVwvd3AtY29udGVudFwvdXBsb2Fkc1wvMjAyNFwvMTJcL0FpcnBvcnRzLmpwZ1wiIGRhdGEtbGF6eS1zcmM9XCJodHRwczpcL1wvZ3JvdXBlYmVuaGFzc2luZS5jb21cL3dwLWNvbnRlbnRcL3VwbG9hZHNcLzIwMjRcLzEyXC9BaXJwb3J0cy5qcGdcIiBhbHQ9XCJBXHUwMGU5cm9wb3J0c1wiIGNsYXNzPVwiZ2FsbGVyeS1pdGVtLXRodW1ibmFpbFwiPjxcL2Rpdj48ZGl2IGNsYXNzPVwiZ2FsbGVyeS1pdGVtLWNhcHRpb24td3JhcCBjYXB0aW9uLXN0eWxlLWhvdmVyZXIgZWFlbC1mYWRlLWluXCI+PGRpdiBjbGFzcz1cImdhbGxlcnktaXRlbS1ob3ZlcmVyLWJnXCI+PFwvZGl2PjxkaXYgY2xhc3M9XCJnYWxsZXJ5LWl0ZW0tY2FwdGlvbi1vdmVyXCI+PGEgPjxoMiBjbGFzcz1cImZnLWl0ZW0tdGl0bGVcIj5BXHUwMGU5cm9wb3J0czxcL2gyPjxcL2E+PFwvZGl2PjxcL2Rpdj48XC9hPjxcL2E+PFwvZGl2PjxcL2Rpdj4iLCI8ZGl2IGNsYXNzPVwiZWFlbC1maWx0ZXJhYmxlLWdhbGxlcnktaXRlbS13cmFwIGVhZWwtY2YtY29uc3RydWN0aW9uXCI+XG5cdFx0XHRcdDxkaXYgY2xhc3M9XCJlYWVsLWdhbGxlcnktZ3JpZC1pdGVtXCI+PGEgPjxkaXYgY2xhc3M9XCJnYWxsZXJ5LWl0ZW0tdGh1bWJuYWlsLXdyYXBcIj48aW1nIHNyYz1cImh0dHBzOlwvXC9ncm91cGViZW5oYXNzaW5lLmNvbVwvd3AtY29udGVudFwvdXBsb2Fkc1wvMjAyNFwvMTJcL0hvdGVscy5qcGdcIiBkYXRhLWxhenktc3JjPVwiaHR0cHM6XC9cL2dyb3VwZWJlbmhhc3NpbmUuY29tXC93cC1jb250ZW50XC91cGxvYWRzXC8yMDI0XC8xMlwvSG90ZWxzLmpwZ1wiIGFsdD1cIkhvdGVsc1wiIGNsYXNzPVwiZ2FsbGVyeS1pdGVtLXRodW1ibmFpbFwiPjxcL2Rpdj48ZGl2IGNsYXNzPVwiZ2FsbGVyeS1pdGVtLWNhcHRpb24td3JhcCBjYXB0aW9uLXN0eWxlLWhvdmVyZXIgZWFlbC1mYWRlLWluXCI+PGRpdiBjbGFzcz1cImdhbGxlcnktaXRlbS1ob3ZlcmVyLWJnXCI+PFwvZGl2PjxkaXYgY2xhc3M9XCJnYWxsZXJ5LWl0ZW0tY2FwdGlvbi1vdmVyXCI+PGEgPjxoMiBjbGFzcz1cImZnLWl0ZW0tdGl0bGVcIj5Ib3RlbHM8XC9oMj48XC9hPjxcL2Rpdj48XC9kaXY+PFwvYT48XC9hPjxcL2Rpdj48XC9kaXY+IiwiPGRpdiBjbGFzcz1cImVhZWwtZmlsdGVyYWJsZS1nYWxsZXJ5LWl0ZW0td3JhcCBlYWVsLWNmLWNvbnN0cnVjdGlvblwiPlxuXHRcdFx0XHQ8ZGl2IGNsYXNzPVwiZWFlbC1nYWxsZXJ5LWdyaWQtaXRlbVwiPjxhID48ZGl2IGNsYXNzPVwiZ2FsbGVyeS1pdGVtLXRodW1ibmFpbC13cmFwXCI+PGltZyBzcmM9XCJodHRwczpcL1wvZ3JvdXBlYmVuaGFzc2luZS5jb21cL3dwLWNvbnRlbnRcL3VwbG9hZHNcLzIwMjRcLzEyXC9Db21tZXJjaWFsLUNlbnRlcnMtU3BvcnRzLUNlbnRlci5qcGdcIiBkYXRhLWxhenktc3JjPVwiaHR0cHM6XC9cL2dyb3VwZWJlbmhhc3NpbmUuY29tXC93cC1jb250ZW50XC91cGxvYWRzXC8yMDI0XC8xMlwvQ29tbWVyY2lhbC1DZW50ZXJzLVNwb3J0cy1DZW50ZXIuanBnXCIgYWx0PVwiQ2VudHJlIENvbW1lcmNpYWwgXC8gU3BvcnRcIiBjbGFzcz1cImdhbGxlcnktaXRlbS10aHVtYm5haWxcIj48XC9kaXY+PGRpdiBjbGFzcz1cImdhbGxlcnktaXRlbS1jYXB0aW9uLXdyYXAgY2FwdGlvbi1zdHlsZS1ob3ZlcmVyIGVhZWwtZmFkZS1pblwiPjxkaXYgY2xhc3M9XCJnYWxsZXJ5LWl0ZW0taG92ZXJlci1iZ1wiPjxcL2Rpdj48ZGl2IGNsYXNzPVwiZ2FsbGVyeS1pdGVtLWNhcHRpb24tb3ZlclwiPjxhID48aDIgY2xhc3M9XCJmZy1pdGVtLXRpdGxlXCI+Q2VudHJlIENvbW1lcmNpYWwgXC8gU3BvcnQ8XC9oMj48XC9hPjxcL2Rpdj48XC9kaXY+PFwvYT48XC9hPjxcL2Rpdj48XC9kaXY+IiwiPGRpdiBjbGFzcz1cImVhZWwtZmlsdGVyYWJsZS1nYWxsZXJ5LWl0ZW0td3JhcCBlYWVsLWNmLWNvbnN0cnVjdGlvblwiPlxuXHRcdFx0XHQ8ZGl2IGNsYXNzPVwiZWFlbC1nYWxsZXJ5LWdyaWQtaXRlbVwiPjxhID48ZGl2IGNsYXNzPVwiZ2FsbGVyeS1pdGVtLXRodW1ibmFpbC13cmFwXCI+PGltZyBzcmM9XCJodHRwczpcL1wvZ3JvdXBlYmVuaGFzc2luZS5jb21cL3dwLWNvbnRlbnRcL3VwbG9hZHNcLzIwMjRcLzEyXC9FZHVjYXRpb24tYW5kLVRyYWluaW5nLmpwZ1wiIGRhdGEtbGF6eS1zcmM9XCJodHRwczpcL1wvZ3JvdXBlYmVuaGFzc2luZS5jb21cL3dwLWNvbnRlbnRcL3VwbG9hZHNcLzIwMjRcLzEyXC9FZHVjYXRpb24tYW5kLVRyYWluaW5nLmpwZ1wiIGFsdD1cIkNlbnRyZXMgZGUgRm9ybWF0aW9ucyBldCBGYWN1bHRcdTAwZTlzXCIgY2xhc3M9XCJnYWxsZXJ5LWl0ZW0tdGh1bWJuYWlsXCI+PFwvZGl2PjxkaXYgY2xhc3M9XCJnYWxsZXJ5LWl0ZW0tY2FwdGlvbi13cmFwIGNhcHRpb24tc3R5bGUtaG92ZXJlciBlYWVsLWZhZGUtaW5cIj48ZGl2IGNsYXNzPVwiZ2FsbGVyeS1pdGVtLWhvdmVyZXItYmdcIj48XC9kaXY+PGRpdiBjbGFzcz1cImdhbGxlcnktaXRlbS1jYXB0aW9uLW92ZXJcIj48YSA+PGgyIGNsYXNzPVwiZmctaXRlbS10aXRsZVwiPkNlbnRyZXMgZGUgRm9ybWF0aW9ucyBldCBGYWN1bHRcdTAwZTlzPFwvaDI+PFwvYT48XC9kaXY+PFwvZGl2PjxcL2E+PFwvYT48XC9kaXY+PFwvZGl2PiIsIjxkaXYgY2xhc3M9XCJlYWVsLWZpbHRlcmFibGUtZ2FsbGVyeS1pdGVtLXdyYXAgZWFlbC1jZi1jb25zdHJ1Y3Rpb25cIj5cblx0XHRcdFx0PGRpdiBjbGFzcz1cImVhZWwtZ2FsbGVyeS1ncmlkLWl0ZW1cIj48YSA+PGRpdiBjbGFzcz1cImdhbGxlcnktaXRlbS10aHVtYm5haWwtd3JhcFwiPjxpbWcgc3JjPVwiaHR0cHM6XC9cL2dyb3VwZWJlbmhhc3NpbmUuY29tXC93cC1jb250ZW50XC91cGxvYWRzXC8yMDI0XC8xMlwvSG9zcGl0YWxzLmpwZ1wiIGRhdGEtbGF6eS1zcmM9XCJodHRwczpcL1wvZ3JvdXBlYmVuaGFzc2luZS5jb21cL3dwLWNvbnRlbnRcL3VwbG9hZHNcLzIwMjRcLzEyXC9Ib3NwaXRhbHMuanBnXCIgYWx0PVwiSG9waXRhdXhcIiBjbGFzcz1cImdhbGxlcnktaXRlbS10aHVtYm5haWxcIj48XC9kaXY+PGRpdiBjbGFzcz1cImdhbGxlcnktaXRlbS1jYXB0aW9uLXdyYXAgY2FwdGlvbi1zdHlsZS1ob3ZlcmVyIGVhZWwtZmFkZS1pblwiPjxkaXYgY2xhc3M9XCJnYWxsZXJ5LWl0ZW0taG92ZXJlci1iZ1wiPjxcL2Rpdj48ZGl2IGNsYXNzPVwiZ2FsbGVyeS1pdGVtLWNhcHRpb24tb3ZlclwiPjxhID48aDIgY2xhc3M9XCJmZy1pdGVtLXRpdGxlXCI+SG9waXRhdXg8XC9oMj48XC9hPjxcL2Rpdj48XC9kaXY+PFwvYT48XC9hPjxcL2Rpdj48XC9kaXY+Il0=\" data-init-show=\"20\">\n                <div class=\"eael-filterable-gallery-item-wrap eael-cf-immobilier\">\n\t\t\t\t<div class=\"eael-gallery-grid-item\"><a ><div class=\"gallery-item-thumbnail-wrap\"><img decoding=\"async\" src=\"https:\/\/groupebenhassine.com\/wp-content\/uploads\/2024\/12\/Administrative-Buildings.jpg\" data-lazy-src=\"https:\/\/groupebenhassine.com\/wp-content\/uploads\/2024\/12\/Administrative-Buildings.jpg\" alt=\"B\u00e2timents administratifs\" class=\"gallery-item-thumbnail\"><\/div><div class=\"gallery-item-caption-wrap caption-style-hoverer eael-fade-in\"><div class=\"gallery-item-hoverer-bg\"><\/div><div class=\"gallery-item-caption-over\"><a ><h2 class=\"fg-item-title\">Administrative Buildings<\/h2><\/a><\/div><\/div><\/a><\/a><\/div><\/div><div class=\"eael-filterable-gallery-item-wrap eael-cf-immobilier\">\n\t\t\t\t<div class=\"eael-gallery-grid-item\"><a ><div class=\"gallery-item-thumbnail-wrap\"><img decoding=\"async\" src=\"https:\/\/groupebenhassine.com\/wp-content\/uploads\/2024\/12\/High-Tech-Residences.jpg\" data-lazy-src=\"https:\/\/groupebenhassine.com\/wp-content\/uploads\/2024\/12\/High-Tech-Residences.jpg\" alt=\"R\u00e9sidences\" class=\"gallery-item-thumbnail\"><\/div><div class=\"gallery-item-caption-wrap caption-style-hoverer eael-fade-in\"><div class=\"gallery-item-hoverer-bg\"><\/div><div class=\"gallery-item-caption-over\"><a ><h2 class=\"fg-item-title\">Residences<\/h2><\/a><\/div><\/div><\/a><\/a><\/div><\/div><div class=\"eael-filterable-gallery-item-wrap eael-cf-construction\">\n\t\t\t\t<div class=\"eael-gallery-grid-item\"><a ><div class=\"gallery-item-thumbnail-wrap\"><img decoding=\"async\" src=\"https:\/\/groupebenhassine.com\/wp-content\/uploads\/2024\/12\/Airports.jpg\" data-lazy-src=\"https:\/\/groupebenhassine.com\/wp-content\/uploads\/2024\/12\/Airports.jpg\" alt=\"A\u00e9roports\" class=\"gallery-item-thumbnail\"><\/div><div class=\"gallery-item-caption-wrap caption-style-hoverer eael-fade-in\"><div class=\"gallery-item-hoverer-bg\"><\/div><div class=\"gallery-item-caption-over\"><a ><h2 class=\"fg-item-title\">Airports<\/h2><\/a><\/div><\/div><\/a><\/a><\/div><\/div><div class=\"eael-filterable-gallery-item-wrap eael-cf-construction\">\n\t\t\t\t<div class=\"eael-gallery-grid-item\"><a ><div class=\"gallery-item-thumbnail-wrap\"><img decoding=\"async\" src=\"https:\/\/groupebenhassine.com\/wp-content\/uploads\/2024\/12\/Hotels.jpg\" data-lazy-src=\"https:\/\/groupebenhassine.com\/wp-content\/uploads\/2024\/12\/Hotels.jpg\" alt=\"Hotels\" class=\"gallery-item-thumbnail\"><\/div><div class=\"gallery-item-caption-wrap caption-style-hoverer eael-fade-in\"><div class=\"gallery-item-hoverer-bg\"><\/div><div class=\"gallery-item-caption-over\"><a ><h2 class=\"fg-item-title\">Hotels<\/h2><\/a><\/div><\/div><\/a><\/a><\/div><\/div><div class=\"eael-filterable-gallery-item-wrap eael-cf-construction\">\n\t\t\t\t<div class=\"eael-gallery-grid-item\"><a ><div class=\"gallery-item-thumbnail-wrap\"><img decoding=\"async\" src=\"https:\/\/groupebenhassine.com\/wp-content\/uploads\/2024\/12\/Commercial-Centers-Sports-Center.jpg\" data-lazy-src=\"https:\/\/groupebenhassine.com\/wp-content\/uploads\/2024\/12\/Commercial-Centers-Sports-Center.jpg\" alt=\"Centre Commercial \/ Sport\" class=\"gallery-item-thumbnail\"><\/div><div class=\"gallery-item-caption-wrap caption-style-hoverer eael-fade-in\"><div class=\"gallery-item-hoverer-bg\"><\/div><div class=\"gallery-item-caption-over\"><a ><h2 class=\"fg-item-title\">Centre Commercial \/ Sport<\/h2><\/a><\/div><\/div><\/a><\/a><\/div><\/div><div class=\"eael-filterable-gallery-item-wrap eael-cf-construction\">\n\t\t\t\t<div class=\"eael-gallery-grid-item\"><a ><div class=\"gallery-item-thumbnail-wrap\"><img decoding=\"async\" src=\"https:\/\/groupebenhassine.com\/wp-content\/uploads\/2024\/12\/Education-and-Training.jpg\" data-lazy-src=\"https:\/\/groupebenhassine.com\/wp-content\/uploads\/2024\/12\/Education-and-Training.jpg\" alt=\"Centres de Formations et Facult\u00e9s\" class=\"gallery-item-thumbnail\"><\/div><div class=\"gallery-item-caption-wrap caption-style-hoverer eael-fade-in\"><div class=\"gallery-item-hoverer-bg\"><\/div><div class=\"gallery-item-caption-over\"><a ><h2 class=\"fg-item-title\">Training Centers and Faculties<\/h2><\/a><\/div><\/div><\/a><\/a><\/div><\/div><div class=\"eael-filterable-gallery-item-wrap eael-cf-construction\">\n\t\t\t\t<div class=\"eael-gallery-grid-item\"><a ><div class=\"gallery-item-thumbnail-wrap\"><img decoding=\"async\" src=\"https:\/\/groupebenhassine.com\/wp-content\/uploads\/2024\/12\/Hospitals.jpg\" data-lazy-src=\"https:\/\/groupebenhassine.com\/wp-content\/uploads\/2024\/12\/Hospitals.jpg\" alt=\"Hopitaux\" class=\"gallery-item-thumbnail\"><\/div><div class=\"gallery-item-caption-wrap caption-style-hoverer eael-fade-in\"><div class=\"gallery-item-hoverer-bg\"><\/div><div class=\"gallery-item-caption-over\"><a ><h2 class=\"fg-item-title\">Hopitaux<\/h2><\/a><\/div><\/div><\/a><\/a><\/div><\/div>            <\/div>\n            \n                    <\/div>\n        \n        \t\t<\/div>\n\t\t\t\t<\/div>\n\t\t\t\t\t<\/div>\n\t\t<\/div>\n\t\t\t\t\t<\/div>\n\t\t<\/section>\n\t\t\t\t<\/div>","protected":false},"excerpt":{"rendered":"<p>all Immobilier Construction N\u00e9goce B\u00e2timents administratifs R\u00e9sidences A\u00e9roports Hotels Centre Commercial \/ Sport Centres de Formations et Facult\u00e9s Hopitaux<\/p>","protected":false},"author":1,"featured_media":0,"parent":0,"menu_order":0,"comment_status":"closed","ping_status":"closed","template":"","meta":{"footnotes":""},"class_list":["post-12861","page","type-page","status-publish","hentry"],"featured_media_urls":[],"_links":{"self":[{"href":"https:\/\/groupebenhassine.com\/en-en\/wp-json\/wp\/v2\/pages\/12861","targetHints":{"allow":["GET"]}}],"collection":[{"href":"https:\/\/groupebenhassine.com\/en-en\/wp-json\/wp\/v2\/pages"}],"about":[{"href":"https:\/\/groupebenhassine.com\/en-en\/wp-json\/wp\/v2\/types\/page"}],"author":[{"embeddable":true,"href":"https:\/\/groupebenhassine.com\/en-en\/wp-json\/wp\/v2\/users\/1"}],"replies":[{"embeddable":true,"href":"https:\/\/groupebenhassine.com\/en-en\/wp-json\/wp\/v2\/comments?post=12861"}],"version-history":[{"count":7,"href":"https:\/\/groupebenhassine.com\/en-en\/wp-json\/wp\/v2\/pages\/12861\/revisions"}],"predecessor-version":[{"id":12876,"href":"https:\/\/groupebenhassine.com\/en-en\/wp-json\/wp\/v2\/pages\/12861\/revisions\/12876"}],"wp:attachment":[{"href":"https:\/\/groupebenhassine.com\/en-en\/wp-json\/wp\/v2\/media?parent=12861"}],"curies":[{"name":"wp","href":"https:\/\/api.w.org\/{rel}","templated":true}]}}