{"id":12601,"date":"2024-12-05T11:34:38","date_gmt":"2024-12-05T11:34:38","guid":{"rendered":"https:\/\/groupebenhassine.com\/?page_id=12601"},"modified":"2024-12-17T10:07:38","modified_gmt":"2024-12-17T10:07:38","slug":"formation-faculte","status":"publish","type":"page","link":"https:\/\/groupebenhassine.com\/en-en\/formation-faculte\/","title":{"rendered":"Training Centers and Faculties"},"content":{"rendered":"<div data-elementor-type=\"wp-page\" data-elementor-id=\"12601\" class=\"elementor elementor-12601\">\n\t\t\t\t\t\t<section class=\"elementor-section elementor-top-section elementor-element elementor-element-bdee915 elementor-section-boxed elementor-section-height-default elementor-section-height-default wpr-particle-no wpr-jarallax-no wpr-parallax-no wpr-sticky-section-no\" data-id=\"bdee915\" data-element_type=\"section\">\n\t\t\t\t\t\t<div class=\"elementor-container elementor-column-gap-default\">\n\t\t\t\t\t<div class=\"elementor-column elementor-col-100 elementor-top-column elementor-element elementor-element-9928e56\" data-id=\"9928e56\" data-element_type=\"column\">\n\t\t\t<div class=\"elementor-widget-wrap elementor-element-populated\">\n\t\t\t\t\t\t<div class=\"elementor-element elementor-element-01c666b elementor-widget__width-initial eael-fg-hoverer-content-align-left elementor-widget elementor-widget-eael-filterable-gallery\" data-id=\"01c666b\" data-element_type=\"widget\" data-settings=\"{&quot;photo_gallery&quot;:&quot;yes&quot;}\" data-widget_type=\"eael-filterable-gallery.default\">\n\t\t\t\t<div class=\"elementor-widget-container\">\n\t\t\t<style id=\"eael-fg-inline-css-01c666b\">@media only screen and (max-width: 2399px) {\n\t\t\t\t\t.elementor-element.elementor-element-01c666b .eael-filterable-gallery-item-wrap {\n\t\t\t\t\t        width: 50%;\n\t\t\t\t\t    }\n\t\t\t\t\t}@media only screen and (max-width: 1024px) {\n\t\t\t\t\t.elementor-element.elementor-element-01c666b  .eael-filterable-gallery-item-wrap {\n\t\t\t\t\t        width: 50%;\n\t\t\t\t\t    }\n\t\t\t\t\t}@media only screen and (max-width: 767px) {\n\t\t\t\t\t.elementor-element.elementor-element-01c666b  .eael-filterable-gallery-item-wrap {\n\t\t\t\t\t        width: 100%;\n\t\t\t\t\t    }\n\t\t\t\t\t}<\/style>        <div id=\"eael-filter-gallery-wrapper-01c666b\" class=\"eael-filter-gallery-wrapper\" data-layout-mode=\"hoverer\" data-breakpoints=\"{&quot;mobile&quot;:{&quot;label&quot;:&quot;Mobile Portrait&quot;,&quot;value&quot;:767,&quot;default_value&quot;:767,&quot;direction&quot;:&quot;max&quot;,&quot;is_enabled&quot;:true},&quot;mobile_extra&quot;:{&quot;label&quot;:&quot;Mobile Landscape&quot;,&quot;value&quot;:880,&quot;default_value&quot;:880,&quot;direction&quot;:&quot;max&quot;,&quot;is_enabled&quot;:false},&quot;tablet&quot;:{&quot;label&quot;:&quot;Tablet Portrait&quot;,&quot;value&quot;:1024,&quot;default_value&quot;:1024,&quot;direction&quot;:&quot;max&quot;,&quot;is_enabled&quot;:true},&quot;tablet_extra&quot;:{&quot;label&quot;:&quot;Tablet Landscape&quot;,&quot;value&quot;:1200,&quot;default_value&quot;:1200,&quot;direction&quot;:&quot;max&quot;,&quot;is_enabled&quot;:false},&quot;laptop&quot;:{&quot;label&quot;:&quot;Laptop&quot;,&quot;value&quot;:1366,&quot;default_value&quot;:1366,&quot;direction&quot;:&quot;max&quot;,&quot;is_enabled&quot;:false},&quot;widescreen&quot;:{&quot;label&quot;:&quot;Widescreen&quot;,&quot;value&quot;:2400,&quot;default_value&quot;:2400,&quot;direction&quot;:&quot;min&quot;,&quot;is_enabled&quot;:false}}\" data-default_control_key=\"0\" data-custom_default_control=\"\">\n            \n                        <div class=\"eael-filter-gallery-control\">\n                <ul><li data-load-more-status=\"0\" data-first-init=\"1\" class=\"control all-control  active\" data-filter=\"*\">all<\/li><li  data-load-more-status=\"0\" data-first-init=\"0\"\n                        class=\"control\" data-filter=\".eael-cf-facult\u00e9-des-sciences-mahdia\">Faculty of Sciences Mahdia<\/li><li  data-load-more-status=\"0\" data-first-init=\"0\"\n                        class=\"control\" data-filter=\".eael-cf-facult\u00e9-dapostrophearchitecture-sidi-bou-said\">Faculty of Architecture, Sidi Bou Said<\/li><li  data-load-more-status=\"0\" data-first-init=\"0\"\n                        class=\"control\" data-filter=\".eael-cf-centre-de-formation-h\u00f4teli\u00e8re-\">Hotel training center <\/li><li  data-load-more-status=\"0\" data-first-init=\"0\"\n                        class=\"control\" data-filter=\".eael-cf-institut-sup\u00e9rieur-du-droit-\">Higher Institute of Law <\/li><\/ul>\n            <\/div>\n            \n            <div class=\"eael-filter-gallery-container eael-filter-gallery-grid\" data-images-per-page=\"\" data-total-gallery-items=\"4\" data-nomore-item-text=\"\" data-is-randomize=\"no\" data-settings=\"{&quot;grid_style&quot;:&quot;grid&quot;,&quot;popup&quot;:&quot;media&quot;,&quot;duration&quot;:500,&quot;gallery_enabled&quot;:&quot;yes&quot;,&quot;video_gallery_yt_privacy&quot;:&quot;&quot;,&quot;control_all_text&quot;:&quot;all&quot;,&quot;post_id&quot;:12601,&quot;widget_id&quot;:&quot;01c666b&quot;}\" data-search-all=\"\" data-gallery-items=\"WyI8ZGl2IGNsYXNzPVwiZWFlbC1maWx0ZXJhYmxlLWdhbGxlcnktaXRlbS13cmFwIGVhZWwtY2YtZmFjdWx0XHUwMGU5LWRlcy1zY2llbmNlcy1tYWhkaWFcIj5cblx0XHRcdFx0PGRpdiBjbGFzcz1cImVhZWwtZ2FsbGVyeS1ncmlkLWl0ZW1cIj48ZGl2IGNsYXNzPVwiZ2FsbGVyeS1pdGVtLXRodW1ibmFpbC13cmFwXCI+PGltZyBzcmM9XCJodHRwczpcL1wvZ3JvdXBlYmVuaGFzc2luZS5jb21cL3dwLWNvbnRlbnRcL3VwbG9hZHNcLzIwMjRcLzA2XC9mYWN1bHRfZGVzX3NjaWVuY2VzX2Vjb25vbWlxdWVzX2V0X2RlX2dlc3Rpb25fZGVfbWFoZGlhX2NvdmVyLTEuanBnXCIgZGF0YS1sYXp5LXNyYz1cImh0dHBzOlwvXC9ncm91cGViZW5oYXNzaW5lLmNvbVwvd3AtY29udGVudFwvdXBsb2Fkc1wvMjAyNFwvMDZcL2ZhY3VsdF9kZXNfc2NpZW5jZXNfZWNvbm9taXF1ZXNfZXRfZGVfZ2VzdGlvbl9kZV9tYWhkaWFfY292ZXItMS5qcGdcIiBhbHQ9XCJmYWN1bHRcdTAwZTkgZGVzIHNjaWVuY2VzIE1haGRpYVwiIGNsYXNzPVwiZ2FsbGVyeS1pdGVtLXRodW1ibmFpbFwiPjxcL2Rpdj48YSBhcmVhLWhpZGRlbj1cInRydWVcIiBhcmlhLWxhYmVsPVwiZWFlbC1tYWduaWZpYy1saW5rXCIgaHJlZj1cImh0dHBzOlwvXC9ncm91cGViZW5oYXNzaW5lLmNvbVwvd3AtY29udGVudFwvdXBsb2Fkc1wvMjAyNFwvMDZcL2ZhY3VsdF9kZXNfc2NpZW5jZXNfZWNvbm9taXF1ZXNfZXRfZGVfZ2VzdGlvbl9kZV9tYWhkaWFfY292ZXItMS5qcGdcIiBjbGFzcz1cImVhZWwtbWFnbmlmaWMtbGluayBlYWVsLW1hZ25pZmljLWxpbmstY2xvbmUgYWN0aXZlIG1lZGlhLWNvbnRlbnQtd3JhcFwiIGRhdGEtZWxlbWVudG9yLW9wZW4tbGlnaHRib3g9XCJ5ZXNcIiB0aXRsZT1cIlwiPjxkaXYgY2xhc3M9XCJnYWxsZXJ5LWl0ZW0tY2FwdGlvbi13cmFwIGNhcHRpb24tc3R5bGUtaG92ZXJlciBlYWVsLWZhZGUtaW5cIj48ZGl2IGNsYXNzPVwiZ2FsbGVyeS1pdGVtLWhvdmVyZXItYmdcIj48XC9kaXY+PGRpdiBjbGFzcz1cImdhbGxlcnktaXRlbS1jYXB0aW9uLW92ZXJcIj48YSBocmVmPVwiI1wiPjxoMiBjbGFzcz1cImZnLWl0ZW0tdGl0bGVcIj5mYWN1bHRcdTAwZTkgZGVzIHNjaWVuY2VzIE1haGRpYTxcL2gyPjxcL2E+PFwvZGl2PjxcL2Rpdj48XC9hPjxcL2Rpdj48XC9kaXY+IiwiPGRpdiBjbGFzcz1cImVhZWwtZmlsdGVyYWJsZS1nYWxsZXJ5LWl0ZW0td3JhcCBlYWVsLWNmLWZhY3VsdFx1MDBlOS1kYXBvc3Ryb3BoZWFyY2hpdGVjdHVyZS1zaWRpLWJvdS1zYWlkXCI+XG5cdFx0XHRcdDxkaXYgY2xhc3M9XCJlYWVsLWdhbGxlcnktZ3JpZC1pdGVtXCI+PGRpdiBjbGFzcz1cImdhbGxlcnktaXRlbS10aHVtYm5haWwtd3JhcFwiPjxpbWcgc3JjPVwiaHR0cHM6XC9cL2dyb3VwZWJlbmhhc3NpbmUuY29tXC93cC1jb250ZW50XC91cGxvYWRzXC8yMDI0XC8wNlwvQmx1ZS1Nb2Rlcm4tUHJvZmVzc2lvbmFsLU9yZ2FuaXphdGlvbmFsLUNoYXJ0LUdyYXBoLTM3Ni14LTI1Mi1weC0zNy5wbmdcIiBkYXRhLWxhenktc3JjPVwiaHR0cHM6XC9cL2dyb3VwZWJlbmhhc3NpbmUuY29tXC93cC1jb250ZW50XC91cGxvYWRzXC8yMDI0XC8wNlwvQmx1ZS1Nb2Rlcm4tUHJvZmVzc2lvbmFsLU9yZ2FuaXphdGlvbmFsLUNoYXJ0LUdyYXBoLTM3Ni14LTI1Mi1weC0zNy5wbmdcIiBhbHQ9XCJGYWN1bHRcdTAwZTkgZCYjMDM5O2FyY2hpdGVjdHVyZSBzaWRpIGJvdSBzYWlkXCIgY2xhc3M9XCJnYWxsZXJ5LWl0ZW0tdGh1bWJuYWlsXCI+PFwvZGl2PjxhIGFyZWEtaGlkZGVuPVwidHJ1ZVwiIGFyaWEtbGFiZWw9XCJlYWVsLW1hZ25pZmljLWxpbmtcIiBocmVmPVwiaHR0cHM6XC9cL2dyb3VwZWJlbmhhc3NpbmUuY29tXC93cC1jb250ZW50XC91cGxvYWRzXC8yMDI0XC8wNlwvQmx1ZS1Nb2Rlcm4tUHJvZmVzc2lvbmFsLU9yZ2FuaXphdGlvbmFsLUNoYXJ0LUdyYXBoLTM3Ni14LTI1Mi1weC0zNy5wbmdcIiBjbGFzcz1cImVhZWwtbWFnbmlmaWMtbGluayBlYWVsLW1hZ25pZmljLWxpbmstY2xvbmUgYWN0aXZlIG1lZGlhLWNvbnRlbnQtd3JhcFwiIGRhdGEtZWxlbWVudG9yLW9wZW4tbGlnaHRib3g9XCJ5ZXNcIiB0aXRsZT1cIlwiPjxkaXYgY2xhc3M9XCJnYWxsZXJ5LWl0ZW0tY2FwdGlvbi13cmFwIGNhcHRpb24tc3R5bGUtaG92ZXJlciBlYWVsLWZhZGUtaW5cIj48ZGl2IGNsYXNzPVwiZ2FsbGVyeS1pdGVtLWhvdmVyZXItYmdcIj48XC9kaXY+PGRpdiBjbGFzcz1cImdhbGxlcnktaXRlbS1jYXB0aW9uLW92ZXJcIj48YSBocmVmPVwiI1wiPjxoMiBjbGFzcz1cImZnLWl0ZW0tdGl0bGVcIj5GYWN1bHRcdTAwZTkgZCdhcmNoaXRlY3R1cmUgc2lkaSBib3Ugc2FpZDxcL2gyPjxcL2E+PFwvZGl2PjxcL2Rpdj48XC9hPjxcL2Rpdj48XC9kaXY+IiwiPGRpdiBjbGFzcz1cImVhZWwtZmlsdGVyYWJsZS1nYWxsZXJ5LWl0ZW0td3JhcCBlYWVsLWNmLWNlbnRyZS1kZS1mb3JtYXRpb24taFx1MDBmNHRlbGlcdTAwZThyZS1cIj5cblx0XHRcdFx0PGRpdiBjbGFzcz1cImVhZWwtZ2FsbGVyeS1ncmlkLWl0ZW1cIj48ZGl2IGNsYXNzPVwiZ2FsbGVyeS1pdGVtLXRodW1ibmFpbC13cmFwXCI+PGltZyBzcmM9XCJodHRwczpcL1wvZ3JvdXBlYmVuaGFzc2luZS5jb21cL3dwLWNvbnRlbnRcL3VwbG9hZHNcLzIwMjRcLzA2XC9CbHVlLU1vZGVybi1Qcm9mZXNzaW9uYWwtT3JnYW5pemF0aW9uYWwtQ2hhcnQtR3JhcGgtMzc2LXgtMjUyLXB4LTMyLnBuZ1wiIGRhdGEtbGF6eS1zcmM9XCJodHRwczpcL1wvZ3JvdXBlYmVuaGFzc2luZS5jb21cL3dwLWNvbnRlbnRcL3VwbG9hZHNcLzIwMjRcLzA2XC9CbHVlLU1vZGVybi1Qcm9mZXNzaW9uYWwtT3JnYW5pemF0aW9uYWwtQ2hhcnQtR3JhcGgtMzc2LXgtMjUyLXB4LTMyLnBuZ1wiIGFsdD1cIkNlbnRyZSBkZSBmb3JtYXRpb24gaFx1MDBmNHRlbGlcdTAwZThyZSBcIiBjbGFzcz1cImdhbGxlcnktaXRlbS10aHVtYm5haWxcIj48XC9kaXY+PGEgYXJlYS1oaWRkZW49XCJ0cnVlXCIgYXJpYS1sYWJlbD1cImVhZWwtbWFnbmlmaWMtbGlua1wiIGhyZWY9XCJodHRwczpcL1wvZ3JvdXBlYmVuaGFzc2luZS5jb21cL3dwLWNvbnRlbnRcL3VwbG9hZHNcLzIwMjRcLzA2XC9CbHVlLU1vZGVybi1Qcm9mZXNzaW9uYWwtT3JnYW5pemF0aW9uYWwtQ2hhcnQtR3JhcGgtMzc2LXgtMjUyLXB4LTMyLnBuZ1wiIGNsYXNzPVwiZWFlbC1tYWduaWZpYy1saW5rIGVhZWwtbWFnbmlmaWMtbGluay1jbG9uZSBhY3RpdmUgbWVkaWEtY29udGVudC13cmFwXCIgZGF0YS1lbGVtZW50b3Itb3Blbi1saWdodGJveD1cInllc1wiIHRpdGxlPVwiXCI+PGRpdiBjbGFzcz1cImdhbGxlcnktaXRlbS1jYXB0aW9uLXdyYXAgY2FwdGlvbi1zdHlsZS1ob3ZlcmVyIGVhZWwtZmFkZS1pblwiPjxkaXYgY2xhc3M9XCJnYWxsZXJ5LWl0ZW0taG92ZXJlci1iZ1wiPjxcL2Rpdj48ZGl2IGNsYXNzPVwiZ2FsbGVyeS1pdGVtLWNhcHRpb24tb3ZlclwiPjxhIGhyZWY9XCIjXCI+PGgyIGNsYXNzPVwiZmctaXRlbS10aXRsZVwiPkNlbnRyZSBkZSBmb3JtYXRpb24gaFx1MDBmNHRlbGlcdTAwZThyZSA8XC9oMj48XC9hPjxcL2Rpdj48XC9kaXY+PFwvYT48XC9kaXY+PFwvZGl2PiIsIjxkaXYgY2xhc3M9XCJlYWVsLWZpbHRlcmFibGUtZ2FsbGVyeS1pdGVtLXdyYXAgZWFlbC1jZi1pbnN0aXR1dC1zdXBcdTAwZTlyaWV1ci1kdS1kcm9pdC1cIj5cblx0XHRcdFx0PGRpdiBjbGFzcz1cImVhZWwtZ2FsbGVyeS1ncmlkLWl0ZW1cIj48ZGl2IGNsYXNzPVwiZ2FsbGVyeS1pdGVtLXRodW1ibmFpbC13cmFwXCI+PGltZyBzcmM9XCJodHRwczpcL1wvZ3JvdXBlYmVuaGFzc2luZS5jb21cL3dwLWNvbnRlbnRcL3VwbG9hZHNcLzIwMjRcLzA2XC9CbHVlLU1vZGVybi1Qcm9mZXNzaW9uYWwtT3JnYW5pemF0aW9uYWwtQ2hhcnQtR3JhcGgtMzc2LXgtMjUyLXB4LTMzLnBuZ1wiIGRhdGEtbGF6eS1zcmM9XCJodHRwczpcL1wvZ3JvdXBlYmVuaGFzc2luZS5jb21cL3dwLWNvbnRlbnRcL3VwbG9hZHNcLzIwMjRcLzA2XC9CbHVlLU1vZGVybi1Qcm9mZXNzaW9uYWwtT3JnYW5pemF0aW9uYWwtQ2hhcnQtR3JhcGgtMzc2LXgtMjUyLXB4LTMzLnBuZ1wiIGFsdD1cIkluc3RpdHV0IHN1cFx1MDBlOXJpZXVyIGR1IGRyb2l0IFwiIGNsYXNzPVwiZ2FsbGVyeS1pdGVtLXRodW1ibmFpbFwiPjxcL2Rpdj48YSBhcmVhLWhpZGRlbj1cInRydWVcIiBhcmlhLWxhYmVsPVwiZWFlbC1tYWduaWZpYy1saW5rXCIgaHJlZj1cImh0dHBzOlwvXC9ncm91cGViZW5oYXNzaW5lLmNvbVwvd3AtY29udGVudFwvdXBsb2Fkc1wvMjAyNFwvMDZcL0JsdWUtTW9kZXJuLVByb2Zlc3Npb25hbC1Pcmdhbml6YXRpb25hbC1DaGFydC1HcmFwaC0zNzYteC0yNTItcHgtMzMucG5nXCIgY2xhc3M9XCJlYWVsLW1hZ25pZmljLWxpbmsgZWFlbC1tYWduaWZpYy1saW5rLWNsb25lIGFjdGl2ZSBtZWRpYS1jb250ZW50LXdyYXBcIiBkYXRhLWVsZW1lbnRvci1vcGVuLWxpZ2h0Ym94PVwieWVzXCIgdGl0bGU9XCJcIj48ZGl2IGNsYXNzPVwiZ2FsbGVyeS1pdGVtLWNhcHRpb24td3JhcCBjYXB0aW9uLXN0eWxlLWhvdmVyZXIgZWFlbC1mYWRlLWluXCI+PGRpdiBjbGFzcz1cImdhbGxlcnktaXRlbS1ob3ZlcmVyLWJnXCI+PFwvZGl2PjxkaXYgY2xhc3M9XCJnYWxsZXJ5LWl0ZW0tY2FwdGlvbi1vdmVyXCI+PGEgaHJlZj1cIiNcIj48aDIgY2xhc3M9XCJmZy1pdGVtLXRpdGxlXCI+SW5zdGl0dXQgc3VwXHUwMGU5cmlldXIgZHUgZHJvaXQgPFwvaDI+PFwvYT48XC9kaXY+PFwvZGl2PjxcL2E+PFwvZGl2PjxcL2Rpdj4iXQ==\" data-init-show=\"20\">\n                <div class=\"eael-filterable-gallery-item-wrap eael-cf-facult\u00e9-des-sciences-mahdia\">\n\t\t\t\t<div class=\"eael-gallery-grid-item\"><div class=\"gallery-item-thumbnail-wrap\"><img decoding=\"async\" src=\"https:\/\/groupebenhassine.com\/wp-content\/uploads\/2024\/06\/facult_des_sciences_economiques_et_de_gestion_de_mahdia_cover-1.jpg\" data-lazy-src=\"https:\/\/groupebenhassine.com\/wp-content\/uploads\/2024\/06\/facult_des_sciences_economiques_et_de_gestion_de_mahdia_cover-1.jpg\" alt=\"facult\u00e9 des sciences Mahdia\" class=\"gallery-item-thumbnail\"><\/div><a area-hidden=\"true\" aria-label=\"eael-magnific-link\" href=\"https:\/\/groupebenhassine.com\/wp-content\/uploads\/2024\/06\/facult_des_sciences_economiques_et_de_gestion_de_mahdia_cover-1.jpg\" class=\"eael-magnific-link eael-magnific-link-clone active media-content-wrap\" data-elementor-open-lightbox=\"yes\" title=\"\"><div class=\"gallery-item-caption-wrap caption-style-hoverer eael-fade-in\"><div class=\"gallery-item-hoverer-bg\"><\/div><div class=\"gallery-item-caption-over\"><a href=\"#\"><h2 class=\"fg-item-title\">Faculty of Sciences Mahdia<\/h2><\/a><\/div><\/div><\/a><\/div><\/div><div class=\"eael-filterable-gallery-item-wrap eael-cf-facult\u00e9-dapostrophearchitecture-sidi-bou-said\">\n\t\t\t\t<div class=\"eael-gallery-grid-item\"><div class=\"gallery-item-thumbnail-wrap\"><img decoding=\"async\" src=\"https:\/\/groupebenhassine.com\/wp-content\/uploads\/2024\/06\/Blue-Modern-Professional-Organizational-Chart-Graph-376-x-252-px-37.png\" data-lazy-src=\"https:\/\/groupebenhassine.com\/wp-content\/uploads\/2024\/06\/Blue-Modern-Professional-Organizational-Chart-Graph-376-x-252-px-37.png\" alt=\"Facult\u00e9 d&#039;architecture sidi bou said\" class=\"gallery-item-thumbnail\"><\/div><a area-hidden=\"true\" aria-label=\"eael-magnific-link\" href=\"https:\/\/groupebenhassine.com\/wp-content\/uploads\/2024\/06\/Blue-Modern-Professional-Organizational-Chart-Graph-376-x-252-px-37.png\" class=\"eael-magnific-link eael-magnific-link-clone active media-content-wrap\" data-elementor-open-lightbox=\"yes\" title=\"\"><div class=\"gallery-item-caption-wrap caption-style-hoverer eael-fade-in\"><div class=\"gallery-item-hoverer-bg\"><\/div><div class=\"gallery-item-caption-over\"><a href=\"#\"><h2 class=\"fg-item-title\">Faculty of Architecture, Sidi Bou Said<\/h2><\/a><\/div><\/div><\/a><\/div><\/div><div class=\"eael-filterable-gallery-item-wrap eael-cf-centre-de-formation-h\u00f4teli\u00e8re-\">\n\t\t\t\t<div class=\"eael-gallery-grid-item\"><div class=\"gallery-item-thumbnail-wrap\"><img decoding=\"async\" src=\"https:\/\/groupebenhassine.com\/wp-content\/uploads\/2024\/06\/Blue-Modern-Professional-Organizational-Chart-Graph-376-x-252-px-32.png\" data-lazy-src=\"https:\/\/groupebenhassine.com\/wp-content\/uploads\/2024\/06\/Blue-Modern-Professional-Organizational-Chart-Graph-376-x-252-px-32.png\" alt=\"Centre de formation h\u00f4teli\u00e8re \" class=\"gallery-item-thumbnail\"><\/div><a area-hidden=\"true\" aria-label=\"eael-magnific-link\" href=\"https:\/\/groupebenhassine.com\/wp-content\/uploads\/2024\/06\/Blue-Modern-Professional-Organizational-Chart-Graph-376-x-252-px-32.png\" class=\"eael-magnific-link eael-magnific-link-clone active media-content-wrap\" data-elementor-open-lightbox=\"yes\" title=\"\"><div class=\"gallery-item-caption-wrap caption-style-hoverer eael-fade-in\"><div class=\"gallery-item-hoverer-bg\"><\/div><div class=\"gallery-item-caption-over\"><a href=\"#\"><h2 class=\"fg-item-title\">Hotel training center <\/h2><\/a><\/div><\/div><\/a><\/div><\/div><div class=\"eael-filterable-gallery-item-wrap eael-cf-institut-sup\u00e9rieur-du-droit-\">\n\t\t\t\t<div class=\"eael-gallery-grid-item\"><div class=\"gallery-item-thumbnail-wrap\"><img decoding=\"async\" src=\"https:\/\/groupebenhassine.com\/wp-content\/uploads\/2024\/06\/Blue-Modern-Professional-Organizational-Chart-Graph-376-x-252-px-33.png\" data-lazy-src=\"https:\/\/groupebenhassine.com\/wp-content\/uploads\/2024\/06\/Blue-Modern-Professional-Organizational-Chart-Graph-376-x-252-px-33.png\" alt=\"Institut sup\u00e9rieur du droit \" class=\"gallery-item-thumbnail\"><\/div><a area-hidden=\"true\" aria-label=\"eael-magnific-link\" href=\"https:\/\/groupebenhassine.com\/wp-content\/uploads\/2024\/06\/Blue-Modern-Professional-Organizational-Chart-Graph-376-x-252-px-33.png\" class=\"eael-magnific-link eael-magnific-link-clone active media-content-wrap\" data-elementor-open-lightbox=\"yes\" title=\"\"><div class=\"gallery-item-caption-wrap caption-style-hoverer eael-fade-in\"><div class=\"gallery-item-hoverer-bg\"><\/div><div class=\"gallery-item-caption-over\"><a href=\"#\"><h2 class=\"fg-item-title\">Higher Institute of Law <\/h2><\/a><\/div><\/div><\/a><\/div><\/div>            <\/div>\n            \n                    <\/div>\n        \n        \t\t<\/div>\n\t\t\t\t<\/div>\n\t\t\t\t\t<\/div>\n\t\t<\/div>\n\t\t\t\t\t<\/div>\n\t\t<\/section>\n\t\t\t\t<\/div>","protected":false},"excerpt":{"rendered":"<p>all facult\u00e9 des sciences Mahdia Facult\u00e9 d&#039;architecture sidi bou said Centre de formation h\u00f4teli\u00e8re Institut sup\u00e9rieur du droit facult\u00e9 des sciences Mahdia Facult\u00e9 d&rsquo;architecture sidi bou said Centre de formation h\u00f4teli\u00e8re Institut sup\u00e9rieur du droit<\/p>","protected":false},"author":1,"featured_media":0,"parent":0,"menu_order":0,"comment_status":"closed","ping_status":"closed","template":"","meta":{"footnotes":""},"class_list":["post-12601","page","type-page","status-publish","hentry"],"featured_media_urls":[],"_links":{"self":[{"href":"https:\/\/groupebenhassine.com\/en-en\/wp-json\/wp\/v2\/pages\/12601","targetHints":{"allow":["GET"]}}],"collection":[{"href":"https:\/\/groupebenhassine.com\/en-en\/wp-json\/wp\/v2\/pages"}],"about":[{"href":"https:\/\/groupebenhassine.com\/en-en\/wp-json\/wp\/v2\/types\/page"}],"author":[{"embeddable":true,"href":"https:\/\/groupebenhassine.com\/en-en\/wp-json\/wp\/v2\/users\/1"}],"replies":[{"embeddable":true,"href":"https:\/\/groupebenhassine.com\/en-en\/wp-json\/wp\/v2\/comments?post=12601"}],"version-history":[{"count":26,"href":"https:\/\/groupebenhassine.com\/en-en\/wp-json\/wp\/v2\/pages\/12601\/revisions"}],"predecessor-version":[{"id":12647,"href":"https:\/\/groupebenhassine.com\/en-en\/wp-json\/wp\/v2\/pages\/12601\/revisions\/12647"}],"wp:attachment":[{"href":"https:\/\/groupebenhassine.com\/en-en\/wp-json\/wp\/v2\/media?parent=12601"}],"curies":[{"name":"wp","href":"https:\/\/api.w.org\/{rel}","templated":true}]}}