{"id":12582,"date":"2024-12-05T11:17:44","date_gmt":"2024-12-05T11:17:44","guid":{"rendered":"https:\/\/groupebenhassine.com\/?page_id=12582"},"modified":"2024-12-17T10:08:48","modified_gmt":"2024-12-17T10:08:48","slug":"hopitaux","status":"publish","type":"page","link":"https:\/\/groupebenhassine.com\/en-en\/hopitaux\/","title":{"rendered":"hopitaux"},"content":{"rendered":"<div data-elementor-type=\"wp-page\" data-elementor-id=\"12582\" class=\"elementor elementor-12582\">\n\t\t\t\t\t\t<section class=\"elementor-section elementor-top-section elementor-element elementor-element-bdee915 elementor-section-boxed elementor-section-height-default elementor-section-height-default wpr-particle-no wpr-jarallax-no wpr-parallax-no wpr-sticky-section-no\" data-id=\"bdee915\" data-element_type=\"section\">\n\t\t\t\t\t\t<div class=\"elementor-container elementor-column-gap-default\">\n\t\t\t\t\t<div class=\"elementor-column elementor-col-100 elementor-top-column elementor-element elementor-element-9928e56\" data-id=\"9928e56\" data-element_type=\"column\">\n\t\t\t<div class=\"elementor-widget-wrap elementor-element-populated\">\n\t\t\t\t\t\t<div class=\"elementor-element elementor-element-01c666b elementor-widget__width-initial eael-fg-hoverer-content-align-left elementor-widget elementor-widget-eael-filterable-gallery\" data-id=\"01c666b\" data-element_type=\"widget\" data-settings=\"{&quot;photo_gallery&quot;:&quot;yes&quot;}\" data-widget_type=\"eael-filterable-gallery.default\">\n\t\t\t\t<div class=\"elementor-widget-container\">\n\t\t\t<style id=\"eael-fg-inline-css-01c666b\">@media only screen and (max-width: 2399px) {\n\t\t\t\t\t.elementor-element.elementor-element-01c666b .eael-filterable-gallery-item-wrap {\n\t\t\t\t\t        width: 50%;\n\t\t\t\t\t    }\n\t\t\t\t\t}@media only screen and (max-width: 1024px) {\n\t\t\t\t\t.elementor-element.elementor-element-01c666b  .eael-filterable-gallery-item-wrap {\n\t\t\t\t\t        width: 50%;\n\t\t\t\t\t    }\n\t\t\t\t\t}@media only screen and (max-width: 767px) {\n\t\t\t\t\t.elementor-element.elementor-element-01c666b  .eael-filterable-gallery-item-wrap {\n\t\t\t\t\t        width: 100%;\n\t\t\t\t\t    }\n\t\t\t\t\t}<\/style>        <div id=\"eael-filter-gallery-wrapper-01c666b\" class=\"eael-filter-gallery-wrapper\" data-layout-mode=\"hoverer\" data-breakpoints=\"{&quot;mobile&quot;:{&quot;label&quot;:&quot;Mobile Portrait&quot;,&quot;value&quot;:767,&quot;default_value&quot;:767,&quot;direction&quot;:&quot;max&quot;,&quot;is_enabled&quot;:true},&quot;mobile_extra&quot;:{&quot;label&quot;:&quot;Mobile Landscape&quot;,&quot;value&quot;:880,&quot;default_value&quot;:880,&quot;direction&quot;:&quot;max&quot;,&quot;is_enabled&quot;:false},&quot;tablet&quot;:{&quot;label&quot;:&quot;Tablet Portrait&quot;,&quot;value&quot;:1024,&quot;default_value&quot;:1024,&quot;direction&quot;:&quot;max&quot;,&quot;is_enabled&quot;:true},&quot;tablet_extra&quot;:{&quot;label&quot;:&quot;Tablet Landscape&quot;,&quot;value&quot;:1200,&quot;default_value&quot;:1200,&quot;direction&quot;:&quot;max&quot;,&quot;is_enabled&quot;:false},&quot;laptop&quot;:{&quot;label&quot;:&quot;Laptop&quot;,&quot;value&quot;:1366,&quot;default_value&quot;:1366,&quot;direction&quot;:&quot;max&quot;,&quot;is_enabled&quot;:false},&quot;widescreen&quot;:{&quot;label&quot;:&quot;Widescreen&quot;,&quot;value&quot;:2400,&quot;default_value&quot;:2400,&quot;direction&quot;:&quot;min&quot;,&quot;is_enabled&quot;:false}}\" data-default_control_key=\"0\" data-custom_default_control=\"\">\n            \n                        <div class=\"eael-filter-gallery-control\">\n                <ul><li data-load-more-status=\"0\" data-first-init=\"1\" class=\"control all-control  active\" data-filter=\"*\">all<\/li><li  data-load-more-status=\"0\" data-first-init=\"0\"\n                        class=\"control\" data-filter=\".eael-cf-h\u00f4pital-hbib-thamer\">Hbib Thamer Hospital<\/li><li  data-load-more-status=\"0\" data-first-init=\"0\"\n                        class=\"control\" data-filter=\".eael-cf-h\u00f4pital-sahloul-sousse\">Sahloul Sousse Hospital<\/li><li  data-load-more-status=\"0\" data-first-init=\"0\"\n                        class=\"control\" data-filter=\".eael-cf-hopital-kassab-tunis-\">Kassab Hospital Tunis <\/li><li  data-load-more-status=\"0\" data-first-init=\"0\"\n                        class=\"control\" data-filter=\".eael-cf-ctre-national-de-transfusion-sanguine\">National Blood Transfusion Center<\/li><\/ul>\n            <\/div>\n            \n            <div class=\"eael-filter-gallery-container eael-filter-gallery-grid\" data-images-per-page=\"\" data-total-gallery-items=\"4\" data-nomore-item-text=\"\" data-is-randomize=\"no\" data-settings=\"{&quot;grid_style&quot;:&quot;grid&quot;,&quot;popup&quot;:&quot;media&quot;,&quot;duration&quot;:500,&quot;gallery_enabled&quot;:&quot;yes&quot;,&quot;video_gallery_yt_privacy&quot;:&quot;&quot;,&quot;control_all_text&quot;:&quot;all&quot;,&quot;post_id&quot;:12582,&quot;widget_id&quot;:&quot;01c666b&quot;}\" data-search-all=\"\" data-gallery-items=\"WyI8ZGl2IGNsYXNzPVwiZWFlbC1maWx0ZXJhYmxlLWdhbGxlcnktaXRlbS13cmFwIGVhZWwtY2YtaFx1MDBmNHBpdGFsLWhiaWItdGhhbWVyXCI+XG5cdFx0XHRcdDxkaXYgY2xhc3M9XCJlYWVsLWdhbGxlcnktZ3JpZC1pdGVtXCI+PGRpdiBjbGFzcz1cImdhbGxlcnktaXRlbS10aHVtYm5haWwtd3JhcFwiPjxpbWcgc3JjPVwiaHR0cHM6XC9cL2dyb3VwZWJlbmhhc3NpbmUuY29tXC93cC1jb250ZW50XC91cGxvYWRzXC8yMDI0XC8wNVwvU2Fucy10aXRyZS0zODEteC0yNTQtcHgtMi5wbmdcIiBkYXRhLWxhenktc3JjPVwiaHR0cHM6XC9cL2dyb3VwZWJlbmhhc3NpbmUuY29tXC93cC1jb250ZW50XC91cGxvYWRzXC8yMDI0XC8wNVwvU2Fucy10aXRyZS0zODEteC0yNTQtcHgtMi5wbmdcIiBhbHQ9XCJIXHUwMGY0cGl0YWwgSGJpYiBUaGFtZXJcIiBjbGFzcz1cImdhbGxlcnktaXRlbS10aHVtYm5haWxcIj48XC9kaXY+PGEgYXJlYS1oaWRkZW49XCJ0cnVlXCIgYXJpYS1sYWJlbD1cImVhZWwtbWFnbmlmaWMtbGlua1wiIGhyZWY9XCJodHRwczpcL1wvZ3JvdXBlYmVuaGFzc2luZS5jb21cL3dwLWNvbnRlbnRcL3VwbG9hZHNcLzIwMjRcLzA1XC9TYW5zLXRpdHJlLTM4MS14LTI1NC1weC0yLnBuZ1wiIGNsYXNzPVwiZWFlbC1tYWduaWZpYy1saW5rIGVhZWwtbWFnbmlmaWMtbGluay1jbG9uZSBhY3RpdmUgbWVkaWEtY29udGVudC13cmFwXCIgZGF0YS1lbGVtZW50b3Itb3Blbi1saWdodGJveD1cInllc1wiIHRpdGxlPVwiXCI+PGRpdiBjbGFzcz1cImdhbGxlcnktaXRlbS1jYXB0aW9uLXdyYXAgY2FwdGlvbi1zdHlsZS1ob3ZlcmVyIGVhZWwtZmFkZS1pblwiPjxkaXYgY2xhc3M9XCJnYWxsZXJ5LWl0ZW0taG92ZXJlci1iZ1wiPjxcL2Rpdj48ZGl2IGNsYXNzPVwiZ2FsbGVyeS1pdGVtLWNhcHRpb24tb3ZlclwiPjxhIGhyZWY9XCIjXCI+PGgyIGNsYXNzPVwiZmctaXRlbS10aXRsZVwiPkhcdTAwZjRwaXRhbCBIYmliIFRoYW1lcjxcL2gyPjxcL2E+PFwvZGl2PjxcL2Rpdj48XC9hPjxcL2Rpdj48XC9kaXY+IiwiPGRpdiBjbGFzcz1cImVhZWwtZmlsdGVyYWJsZS1nYWxsZXJ5LWl0ZW0td3JhcCBlYWVsLWNmLWhcdTAwZjRwaXRhbC1zYWhsb3VsLXNvdXNzZVwiPlxuXHRcdFx0XHQ8ZGl2IGNsYXNzPVwiZWFlbC1nYWxsZXJ5LWdyaWQtaXRlbVwiPjxkaXYgY2xhc3M9XCJnYWxsZXJ5LWl0ZW0tdGh1bWJuYWlsLXdyYXBcIj48aW1nIHNyYz1cImh0dHBzOlwvXC9ncm91cGViZW5oYXNzaW5lLmNvbVwvd3AtY29udGVudFwvdXBsb2Fkc1wvMjAyNFwvMDZcL0JsdWUtTW9kZXJuLVByb2Zlc3Npb25hbC1Pcmdhbml6YXRpb25hbC1DaGFydC1HcmFwaC0zNzYteC0yNTItcHgtNC5wbmdcIiBkYXRhLWxhenktc3JjPVwiaHR0cHM6XC9cL2dyb3VwZWJlbmhhc3NpbmUuY29tXC93cC1jb250ZW50XC91cGxvYWRzXC8yMDI0XC8wNlwvQmx1ZS1Nb2Rlcm4tUHJvZmVzc2lvbmFsLU9yZ2FuaXphdGlvbmFsLUNoYXJ0LUdyYXBoLTM3Ni14LTI1Mi1weC00LnBuZ1wiIGFsdD1cIkhcdTAwZjRwaXRhbCBzYWhsb3VsIFNvdXNzZVwiIGNsYXNzPVwiZ2FsbGVyeS1pdGVtLXRodW1ibmFpbFwiPjxcL2Rpdj48YSBhcmVhLWhpZGRlbj1cInRydWVcIiBhcmlhLWxhYmVsPVwiZWFlbC1tYWduaWZpYy1saW5rXCIgaHJlZj1cImh0dHBzOlwvXC9ncm91cGViZW5oYXNzaW5lLmNvbVwvd3AtY29udGVudFwvdXBsb2Fkc1wvMjAyNFwvMDZcL0JsdWUtTW9kZXJuLVByb2Zlc3Npb25hbC1Pcmdhbml6YXRpb25hbC1DaGFydC1HcmFwaC0zNzYteC0yNTItcHgtNC5wbmdcIiBjbGFzcz1cImVhZWwtbWFnbmlmaWMtbGluayBlYWVsLW1hZ25pZmljLWxpbmstY2xvbmUgYWN0aXZlIG1lZGlhLWNvbnRlbnQtd3JhcFwiIGRhdGEtZWxlbWVudG9yLW9wZW4tbGlnaHRib3g9XCJ5ZXNcIiB0aXRsZT1cIlwiPjxkaXYgY2xhc3M9XCJnYWxsZXJ5LWl0ZW0tY2FwdGlvbi13cmFwIGNhcHRpb24tc3R5bGUtaG92ZXJlciBlYWVsLWZhZGUtaW5cIj48ZGl2IGNsYXNzPVwiZ2FsbGVyeS1pdGVtLWhvdmVyZXItYmdcIj48XC9kaXY+PGRpdiBjbGFzcz1cImdhbGxlcnktaXRlbS1jYXB0aW9uLW92ZXJcIj48YSBocmVmPVwiI1wiPjxoMiBjbGFzcz1cImZnLWl0ZW0tdGl0bGVcIj5IXHUwMGY0cGl0YWwgc2FobG91bCBTb3Vzc2U8XC9oMj48XC9hPjxcL2Rpdj48XC9kaXY+PFwvYT48XC9kaXY+PFwvZGl2PiIsIjxkaXYgY2xhc3M9XCJlYWVsLWZpbHRlcmFibGUtZ2FsbGVyeS1pdGVtLXdyYXAgZWFlbC1jZi1ob3BpdGFsLWthc3NhYi10dW5pcy1cIj5cblx0XHRcdFx0PGRpdiBjbGFzcz1cImVhZWwtZ2FsbGVyeS1ncmlkLWl0ZW1cIj48ZGl2IGNsYXNzPVwiZ2FsbGVyeS1pdGVtLXRodW1ibmFpbC13cmFwXCI+PGltZyBzcmM9XCJodHRwczpcL1wvZ3JvdXBlYmVuaGFzc2luZS5jb21cL3dwLWNvbnRlbnRcL3VwbG9hZHNcLzIwMjRcLzA2XC8xLTEucG5nXCIgZGF0YS1sYXp5LXNyYz1cImh0dHBzOlwvXC9ncm91cGViZW5oYXNzaW5lLmNvbVwvd3AtY29udGVudFwvdXBsb2Fkc1wvMjAyNFwvMDZcLzEtMS5wbmdcIiBhbHQ9XCJIb3BpdGFsIEthc3NhYiBUdW5pcyBcIiBjbGFzcz1cImdhbGxlcnktaXRlbS10aHVtYm5haWxcIj48XC9kaXY+PGEgYXJlYS1oaWRkZW49XCJ0cnVlXCIgYXJpYS1sYWJlbD1cImVhZWwtbWFnbmlmaWMtbGlua1wiIGhyZWY9XCJodHRwczpcL1wvZ3JvdXBlYmVuaGFzc2luZS5jb21cL3dwLWNvbnRlbnRcL3VwbG9hZHNcLzIwMjRcLzA2XC8xLTEucG5nXCIgY2xhc3M9XCJlYWVsLW1hZ25pZmljLWxpbmsgZWFlbC1tYWduaWZpYy1saW5rLWNsb25lIGFjdGl2ZSBtZWRpYS1jb250ZW50LXdyYXBcIiBkYXRhLWVsZW1lbnRvci1vcGVuLWxpZ2h0Ym94PVwieWVzXCIgdGl0bGU9XCJcIj48ZGl2IGNsYXNzPVwiZ2FsbGVyeS1pdGVtLWNhcHRpb24td3JhcCBjYXB0aW9uLXN0eWxlLWhvdmVyZXIgZWFlbC1mYWRlLWluXCI+PGRpdiBjbGFzcz1cImdhbGxlcnktaXRlbS1ob3ZlcmVyLWJnXCI+PFwvZGl2PjxkaXYgY2xhc3M9XCJnYWxsZXJ5LWl0ZW0tY2FwdGlvbi1vdmVyXCI+PGEgaHJlZj1cIiNcIj48aDIgY2xhc3M9XCJmZy1pdGVtLXRpdGxlXCI+SG9waXRhbCBLYXNzYWIgVHVuaXMgPFwvaDI+PFwvYT48XC9kaXY+PFwvZGl2PjxcL2E+PFwvZGl2PjxcL2Rpdj4iLCI8ZGl2IGNsYXNzPVwiZWFlbC1maWx0ZXJhYmxlLWdhbGxlcnktaXRlbS13cmFwIGVhZWwtY2YtY3RyZS1uYXRpb25hbC1kZS10cmFuc2Z1c2lvbi1zYW5ndWluZVwiPlxuXHRcdFx0XHQ8ZGl2IGNsYXNzPVwiZWFlbC1nYWxsZXJ5LWdyaWQtaXRlbVwiPjxkaXYgY2xhc3M9XCJnYWxsZXJ5LWl0ZW0tdGh1bWJuYWlsLXdyYXBcIj48aW1nIHNyYz1cImh0dHBzOlwvXC9ncm91cGViZW5oYXNzaW5lLmNvbVwvd3AtY29udGVudFwvdXBsb2Fkc1wvMjAyNFwvMDZcLzItMS5wbmdcIiBkYXRhLWxhenktc3JjPVwiaHR0cHM6XC9cL2dyb3VwZWJlbmhhc3NpbmUuY29tXC93cC1jb250ZW50XC91cGxvYWRzXC8yMDI0XC8wNlwvMi0xLnBuZ1wiIGFsdD1cIkN0cmUgTmF0aW9uYWwgZGUgVHJhbnNmdXNpb24gU2FuZ3VpbmVcIiBjbGFzcz1cImdhbGxlcnktaXRlbS10aHVtYm5haWxcIj48XC9kaXY+PGEgYXJlYS1oaWRkZW49XCJ0cnVlXCIgYXJpYS1sYWJlbD1cImVhZWwtbWFnbmlmaWMtbGlua1wiIGhyZWY9XCJodHRwczpcL1wvZ3JvdXBlYmVuaGFzc2luZS5jb21cL3dwLWNvbnRlbnRcL3VwbG9hZHNcLzIwMjRcLzA2XC8yLTEucG5nXCIgY2xhc3M9XCJlYWVsLW1hZ25pZmljLWxpbmsgZWFlbC1tYWduaWZpYy1saW5rLWNsb25lIGFjdGl2ZSBtZWRpYS1jb250ZW50LXdyYXBcIiBkYXRhLWVsZW1lbnRvci1vcGVuLWxpZ2h0Ym94PVwieWVzXCIgdGl0bGU9XCJcIj48ZGl2IGNsYXNzPVwiZ2FsbGVyeS1pdGVtLWNhcHRpb24td3JhcCBjYXB0aW9uLXN0eWxlLWhvdmVyZXIgZWFlbC1mYWRlLWluXCI+PGRpdiBjbGFzcz1cImdhbGxlcnktaXRlbS1ob3ZlcmVyLWJnXCI+PFwvZGl2PjxkaXYgY2xhc3M9XCJnYWxsZXJ5LWl0ZW0tY2FwdGlvbi1vdmVyXCI+PGEgaHJlZj1cIiNcIj48aDIgY2xhc3M9XCJmZy1pdGVtLXRpdGxlXCI+Q3RyZSBOYXRpb25hbCBkZSBUcmFuc2Z1c2lvbiBTYW5ndWluZTxcL2gyPjxcL2E+PFwvZGl2PjxcL2Rpdj48XC9hPjxcL2Rpdj48XC9kaXY+Il0=\" data-init-show=\"6\">\n                <div class=\"eael-filterable-gallery-item-wrap eael-cf-h\u00f4pital-hbib-thamer\">\n\t\t\t\t<div class=\"eael-gallery-grid-item\"><div class=\"gallery-item-thumbnail-wrap\"><img decoding=\"async\" src=\"https:\/\/groupebenhassine.com\/wp-content\/uploads\/2024\/05\/Sans-titre-381-x-254-px-2.png\" data-lazy-src=\"https:\/\/groupebenhassine.com\/wp-content\/uploads\/2024\/05\/Sans-titre-381-x-254-px-2.png\" alt=\"H\u00f4pital Hbib Thamer\" class=\"gallery-item-thumbnail\"><\/div><a area-hidden=\"true\" aria-label=\"eael-magnific-link\" href=\"https:\/\/groupebenhassine.com\/wp-content\/uploads\/2024\/05\/Sans-titre-381-x-254-px-2.png\" class=\"eael-magnific-link eael-magnific-link-clone active media-content-wrap\" data-elementor-open-lightbox=\"yes\" title=\"\"><div class=\"gallery-item-caption-wrap caption-style-hoverer eael-fade-in\"><div class=\"gallery-item-hoverer-bg\"><\/div><div class=\"gallery-item-caption-over\"><a href=\"#\"><h2 class=\"fg-item-title\">Hbib Thamer Hospital<\/h2><\/a><\/div><\/div><\/a><\/div><\/div><div class=\"eael-filterable-gallery-item-wrap eael-cf-h\u00f4pital-sahloul-sousse\">\n\t\t\t\t<div class=\"eael-gallery-grid-item\"><div class=\"gallery-item-thumbnail-wrap\"><img decoding=\"async\" src=\"https:\/\/groupebenhassine.com\/wp-content\/uploads\/2024\/06\/Blue-Modern-Professional-Organizational-Chart-Graph-376-x-252-px-4.png\" data-lazy-src=\"https:\/\/groupebenhassine.com\/wp-content\/uploads\/2024\/06\/Blue-Modern-Professional-Organizational-Chart-Graph-376-x-252-px-4.png\" alt=\"H\u00f4pital sahloul Sousse\" class=\"gallery-item-thumbnail\"><\/div><a area-hidden=\"true\" aria-label=\"eael-magnific-link\" href=\"https:\/\/groupebenhassine.com\/wp-content\/uploads\/2024\/06\/Blue-Modern-Professional-Organizational-Chart-Graph-376-x-252-px-4.png\" class=\"eael-magnific-link eael-magnific-link-clone active media-content-wrap\" data-elementor-open-lightbox=\"yes\" title=\"\"><div class=\"gallery-item-caption-wrap caption-style-hoverer eael-fade-in\"><div class=\"gallery-item-hoverer-bg\"><\/div><div class=\"gallery-item-caption-over\"><a href=\"#\"><h2 class=\"fg-item-title\">Sahloul Sousse Hospital<\/h2><\/a><\/div><\/div><\/a><\/div><\/div><div class=\"eael-filterable-gallery-item-wrap eael-cf-hopital-kassab-tunis-\">\n\t\t\t\t<div class=\"eael-gallery-grid-item\"><div class=\"gallery-item-thumbnail-wrap\"><img decoding=\"async\" src=\"https:\/\/groupebenhassine.com\/wp-content\/uploads\/2024\/06\/1-1.png\" data-lazy-src=\"https:\/\/groupebenhassine.com\/wp-content\/uploads\/2024\/06\/1-1.png\" alt=\"Hopital Kassab Tunis \" class=\"gallery-item-thumbnail\"><\/div><a area-hidden=\"true\" aria-label=\"eael-magnific-link\" href=\"https:\/\/groupebenhassine.com\/wp-content\/uploads\/2024\/06\/1-1.png\" class=\"eael-magnific-link eael-magnific-link-clone active media-content-wrap\" data-elementor-open-lightbox=\"yes\" title=\"\"><div class=\"gallery-item-caption-wrap caption-style-hoverer eael-fade-in\"><div class=\"gallery-item-hoverer-bg\"><\/div><div class=\"gallery-item-caption-over\"><a href=\"#\"><h2 class=\"fg-item-title\">Kassab Hospital Tunis <\/h2><\/a><\/div><\/div><\/a><\/div><\/div><div class=\"eael-filterable-gallery-item-wrap eael-cf-ctre-national-de-transfusion-sanguine\">\n\t\t\t\t<div class=\"eael-gallery-grid-item\"><div class=\"gallery-item-thumbnail-wrap\"><img decoding=\"async\" src=\"https:\/\/groupebenhassine.com\/wp-content\/uploads\/2024\/06\/2-1.png\" data-lazy-src=\"https:\/\/groupebenhassine.com\/wp-content\/uploads\/2024\/06\/2-1.png\" alt=\"Ctre National de Transfusion Sanguine\" class=\"gallery-item-thumbnail\"><\/div><a area-hidden=\"true\" aria-label=\"eael-magnific-link\" href=\"https:\/\/groupebenhassine.com\/wp-content\/uploads\/2024\/06\/2-1.png\" class=\"eael-magnific-link eael-magnific-link-clone active media-content-wrap\" data-elementor-open-lightbox=\"yes\" title=\"\"><div class=\"gallery-item-caption-wrap caption-style-hoverer eael-fade-in\"><div class=\"gallery-item-hoverer-bg\"><\/div><div class=\"gallery-item-caption-over\"><a href=\"#\"><h2 class=\"fg-item-title\">National Blood Transfusion Center<\/h2><\/a><\/div><\/div><\/a><\/div><\/div>            <\/div>\n            \n                    <\/div>\n        \n        \t\t<\/div>\n\t\t\t\t<\/div>\n\t\t\t\t\t<\/div>\n\t\t<\/div>\n\t\t\t\t\t<\/div>\n\t\t<\/section>\n\t\t\t\t<\/div>","protected":false},"excerpt":{"rendered":"<p>all H\u00f4pital Hbib Thamer H\u00f4pital sahloul Sousse Hopital Kassab Tunis Ctre National de Transfusion Sanguine H\u00f4pital Hbib Thamer H\u00f4pital sahloul Sousse Hopital Kassab Tunis Ctre National de Transfusion Sanguine<\/p>","protected":false},"author":1,"featured_media":0,"parent":0,"menu_order":0,"comment_status":"closed","ping_status":"closed","template":"","meta":{"footnotes":""},"class_list":["post-12582","page","type-page","status-publish","hentry"],"featured_media_urls":[],"_links":{"self":[{"href":"https:\/\/groupebenhassine.com\/en-en\/wp-json\/wp\/v2\/pages\/12582","targetHints":{"allow":["GET"]}}],"collection":[{"href":"https:\/\/groupebenhassine.com\/en-en\/wp-json\/wp\/v2\/pages"}],"about":[{"href":"https:\/\/groupebenhassine.com\/en-en\/wp-json\/wp\/v2\/types\/page"}],"author":[{"embeddable":true,"href":"https:\/\/groupebenhassine.com\/en-en\/wp-json\/wp\/v2\/users\/1"}],"replies":[{"embeddable":true,"href":"https:\/\/groupebenhassine.com\/en-en\/wp-json\/wp\/v2\/comments?post=12582"}],"version-history":[{"count":7,"href":"https:\/\/groupebenhassine.com\/en-en\/wp-json\/wp\/v2\/pages\/12582\/revisions"}],"predecessor-version":[{"id":12656,"href":"https:\/\/groupebenhassine.com\/en-en\/wp-json\/wp\/v2\/pages\/12582\/revisions\/12656"}],"wp:attachment":[{"href":"https:\/\/groupebenhassine.com\/en-en\/wp-json\/wp\/v2\/media?parent=12582"}],"curies":[{"name":"wp","href":"https:\/\/api.w.org\/{rel}","templated":true}]}}