{"id":11279,"date":"2024-05-14T11:22:48","date_gmt":"2024-05-14T11:22:48","guid":{"rendered":"https:\/\/groupebenhassine.com\/?page_id=11279"},"modified":"2024-05-14T11:29:20","modified_gmt":"2024-05-14T11:29:20","slug":"reference-de-projet-de-chaufroid-marina-hammamet-centre-commercial-agora","status":"publish","type":"page","link":"https:\/\/groupebenhassine.com\/en-en\/reference-de-projet-de-chaufroid-marina-hammamet-centre-commercial-agora\/","title":{"rendered":""},"content":{"rendered":"<div data-elementor-type=\"wp-page\" data-elementor-id=\"11279\" class=\"elementor elementor-11279\">\n\t\t\t\t\t\t<section class=\"elementor-section elementor-top-section elementor-element elementor-element-5799388 elementor-section-boxed elementor-section-height-default elementor-section-height-default wpr-particle-no wpr-jarallax-no wpr-parallax-no wpr-sticky-section-no\" data-id=\"5799388\" data-element_type=\"section\">\n\t\t\t\t\t\t<div class=\"elementor-container elementor-column-gap-default\">\n\t\t\t\t\t<div class=\"elementor-column elementor-col-100 elementor-top-column elementor-element elementor-element-5178257a\" data-id=\"5178257a\" data-element_type=\"column\">\n\t\t\t<div class=\"elementor-widget-wrap elementor-element-populated\">\n\t\t\t\t\t\t<div class=\"elementor-element elementor-element-1b280307 elementor-widget elementor-widget-text-editor\" data-id=\"1b280307\" data-element_type=\"widget\" data-widget_type=\"text-editor.default\">\n\t\t\t\t<div class=\"elementor-widget-container\">\n\t\t\t<style>\/*! elementor - v3.21.0 - 30-04-2024 *\/\n.elementor-widget-text-editor.elementor-drop-cap-view-stacked .elementor-drop-cap{background-color:#69727d;color:#fff}.elementor-widget-text-editor.elementor-drop-cap-view-framed .elementor-drop-cap{color:#69727d;border:3px solid;background-color:transparent}.elementor-widget-text-editor:not(.elementor-drop-cap-view-default) .elementor-drop-cap{margin-top:8px}.elementor-widget-text-editor:not(.elementor-drop-cap-view-default) .elementor-drop-cap-letter{width:1em;height:1em}.elementor-widget-text-editor .elementor-drop-cap{float:left;text-align:center;line-height:1;font-size:50px}.elementor-widget-text-editor .elementor-drop-cap-letter{display:inline-block}<\/style>\t\t\t\t<!-- wp:paragraph -->\n<p>\u00a0<\/p>\n<p>\u00a0<\/p>\n<p>\u00a0<\/p>\n<p><strong>R\u00e9f\u00e9rence de Projet de CHAUFROID : Marina Hammamet, Centre Commercial &amp; Agora<\/strong><\/p>\n<p>CHAUFROID Ben Hassine est une entreprise experte dans l&rsquo;\u00e9tude, l&rsquo;installation et la r\u00e9alisation de projets vari\u00e9s, allant des plus simples aux plus sophistiqu\u00e9s, dans des domaines tels que la climatisation et le chauffage central, la plomberie sanitaire, le froid industriel, la s\u00e9curit\u00e9 incendie, l&rsquo;\u00e9lectricit\u00e9, le traitement des eaux et des piscines, ainsi que la cuisine et la buanderie.<\/p>\n<!-- \/wp:paragraph --><!-- wp:paragraph -->\n<p>Notre entreprise b\u00e9n\u00e9ficie d&rsquo;un agr\u00e9ment illimit\u00e9 d\u00e9livr\u00e9 par le minist\u00e8re de l&rsquo;\u00c9quipement, nous permettant d&rsquo;intervenir dans les secteurs mentionn\u00e9s ci-dessus. Nous avons contribu\u00e9 \u00e0 de nombreux projets majeurs, parmi lesquels :<\/p>\n<!-- \/wp:paragraph --><!-- wp:list -->\n<ul><!-- wp:list-item -->\n<li>Projet : Marina Hammamet, Centre Commercial &amp; Agora<\/li>\n<!-- \/wp:list-item --><\/ul>\n<!-- \/wp:list --><!-- wp:list -->\n<ul><!-- wp:list-item -->\n<li>P\u00e9riode : 2005-2006<\/li>\n<!-- \/wp:list-item --><\/ul>\n<!-- \/wp:list --><!-- wp:list -->\n<ul><!-- wp:list-item -->\n<li>Domaines d&rsquo;intervention : Chauffage, climatisation et plomberie sanitaire<\/li>\n<!-- \/wp:list-item --><\/ul>\n<!-- \/wp:list --><!-- wp:paragraph -->\n<p>\u00a0<\/p>\n<!-- \/wp:paragraph --><!-- wp:paragraph -->\n<p>\u00a0<\/p>\n<!-- \/wp:paragraph --><!-- wp:paragraph -->\n<p>\u00a0<\/p>\n<!-- \/wp:paragraph --><!-- wp:paragraph -->\n<p>\u00a0<\/p>\n<!-- \/wp:paragraph --><!-- wp:paragraph -->\n<p>\u00a0<\/p>\n<!-- \/wp:paragraph --><!-- wp:paragraph -->\n<p>\u00a0<\/p>\n<!-- \/wp:paragraph --><!-- wp:paragraph -->\n<p>\u00a0<\/p>\n<!-- \/wp:paragraph -->\t\t\t\t\t\t<\/div>\n\t\t\t\t<\/div>\n\t\t\t\t\t<\/div>\n\t\t<\/div>\n\t\t\t\t\t<\/div>\n\t\t<\/section>\n\t\t\t\t<\/div>","protected":false},"excerpt":{"rendered":"<p>\u00a0 \u00a0 \u00a0 R\u00e9f\u00e9rence de Projet de CHAUFROID : Marina Hammamet, Centre Commercial &amp; Agora CHAUFROID Ben Hassine est une entreprise experte dans l&rsquo;\u00e9tude, l&rsquo;installation et la r\u00e9alisation de projets vari\u00e9s, allant des plus simples aux plus sophistiqu\u00e9s, dans des domaines tels que la climatisation et le chauffage central, la plomberie sanitaire, le froid industriel, la s\u00e9curit\u00e9 incendie, l&rsquo;\u00e9lectricit\u00e9, le traitement des eaux et des piscines, ainsi que la cuisine et la buanderie. Notre entreprise b\u00e9n\u00e9ficie d&rsquo;un agr\u00e9ment illimit\u00e9 d\u00e9livr\u00e9 par le minist\u00e8re de l&rsquo;\u00c9quipement, nous permettant d&rsquo;intervenir dans les secteurs mentionn\u00e9s ci-dessus. Nous avons contribu\u00e9 \u00e0 de nombreux projets majeurs, parmi lesquels : \u00a0 \u00a0 \u00a0 \u00a0 \u00a0 \u00a0 \u00a0<\/p>","protected":false},"author":1,"featured_media":0,"parent":0,"menu_order":0,"comment_status":"closed","ping_status":"closed","template":"","meta":{"footnotes":""},"class_list":["post-11279","page","type-page","status-publish","hentry"],"featured_media_urls":[],"_links":{"self":[{"href":"https:\/\/groupebenhassine.com\/en-en\/wp-json\/wp\/v2\/pages\/11279","targetHints":{"allow":["GET"]}}],"collection":[{"href":"https:\/\/groupebenhassine.com\/en-en\/wp-json\/wp\/v2\/pages"}],"about":[{"href":"https:\/\/groupebenhassine.com\/en-en\/wp-json\/wp\/v2\/types\/page"}],"author":[{"embeddable":true,"href":"https:\/\/groupebenhassine.com\/en-en\/wp-json\/wp\/v2\/users\/1"}],"replies":[{"embeddable":true,"href":"https:\/\/groupebenhassine.com\/en-en\/wp-json\/wp\/v2\/comments?post=11279"}],"version-history":[{"count":10,"href":"https:\/\/groupebenhassine.com\/en-en\/wp-json\/wp\/v2\/pages\/11279\/revisions"}],"predecessor-version":[{"id":11291,"href":"https:\/\/groupebenhassine.com\/en-en\/wp-json\/wp\/v2\/pages\/11279\/revisions\/11291"}],"wp:attachment":[{"href":"https:\/\/groupebenhassine.com\/en-en\/wp-json\/wp\/v2\/media?parent=11279"}],"curies":[{"name":"wp","href":"https:\/\/api.w.org\/{rel}","templated":true}]}}