{"id":11256,"date":"2024-05-14T10:30:27","date_gmt":"2024-05-14T10:30:27","guid":{"rendered":"https:\/\/groupebenhassine.com\/?page_id=11256"},"modified":"2024-05-14T10:45:26","modified_gmt":"2024-05-14T10:45:26","slug":"reference-de-projet-de-chaufroid-grande-salle-des-congres-tripoli-libye","status":"publish","type":"page","link":"https:\/\/groupebenhassine.com\/en-en\/reference-de-projet-de-chaufroid-grande-salle-des-congres-tripoli-libye\/","title":{"rendered":""},"content":{"rendered":"<div data-elementor-type=\"wp-page\" data-elementor-id=\"11256\" class=\"elementor elementor-11256\">\n\t\t\t\t\t\t<section class=\"elementor-section elementor-top-section elementor-element elementor-element-4c25b770 elementor-section-boxed elementor-section-height-default elementor-section-height-default wpr-particle-no wpr-jarallax-no wpr-parallax-no wpr-sticky-section-no\" data-id=\"4c25b770\" data-element_type=\"section\">\n\t\t\t\t\t\t<div class=\"elementor-container elementor-column-gap-default\">\n\t\t\t\t\t<div class=\"elementor-column elementor-col-100 elementor-top-column elementor-element elementor-element-710ce8d7\" data-id=\"710ce8d7\" data-element_type=\"column\">\n\t\t\t<div class=\"elementor-widget-wrap elementor-element-populated\">\n\t\t\t\t\t\t<div class=\"elementor-element elementor-element-675920dc elementor-widget__width-initial elementor-widget elementor-widget-text-editor\" data-id=\"675920dc\" data-element_type=\"widget\" data-widget_type=\"text-editor.default\">\n\t\t\t\t<div class=\"elementor-widget-container\">\n\t\t\t<style>\/*! elementor - v3.21.0 - 30-04-2024 *\/\n.elementor-widget-text-editor.elementor-drop-cap-view-stacked .elementor-drop-cap{background-color:#69727d;color:#fff}.elementor-widget-text-editor.elementor-drop-cap-view-framed .elementor-drop-cap{color:#69727d;border:3px solid;background-color:transparent}.elementor-widget-text-editor:not(.elementor-drop-cap-view-default) .elementor-drop-cap{margin-top:8px}.elementor-widget-text-editor:not(.elementor-drop-cap-view-default) .elementor-drop-cap-letter{width:1em;height:1em}.elementor-widget-text-editor .elementor-drop-cap{float:left;text-align:center;line-height:1;font-size:50px}.elementor-widget-text-editor .elementor-drop-cap-letter{display:inline-block}<\/style>\t\t\t\t<p><!-- wp:paragraph --><\/p>\n<p><!-- \/wp:paragraph --><\/p>\n<p><!-- wp:paragraph --><\/p>\n<p><!-- \/wp:paragraph --><\/p>\n<p><!-- wp:paragraph --><\/p>\n<p><!-- \/wp:paragraph --><\/p>\n<p><!-- wp:paragraph --><\/p>\n<p><!-- \/wp:paragraph --><\/p>\n<p><!-- wp:paragraph --><\/p>\n<p><!-- \/wp:paragraph --><\/p>\n<p><!-- wp:paragraph --><\/p>\n<p><!-- \/wp:paragraph --><\/p>\n<p><!-- wp:paragraph --><\/p>\n<p><strong>\u00a0<\/strong><\/p>\n<p><strong>\u00a0<\/strong><\/p>\n<p><strong> R\u00e9f\u00e9rence de Projet de CHAUFROID : Grande Salle des Congr\u00e8s, Tripoli &#8211; Libye<\/strong><\/p>\n<p><!-- \/wp:paragraph --><\/p>\n<p><!-- wp:paragraph --><\/p>\n<p>CHAUFROID Ben Hassine est une soci\u00e9t\u00e9 sp\u00e9cialis\u00e9e dans l\u2019\u00e9tude, l\u2019installation et la r\u00e9alisation de projets allant des plus simples aux plus complexes dans divers domaines : climatisation et chauffage central, plomberie sanitaire, froid industriel, s\u00e9curit\u00e9 incendie, \u00e9lectricit\u00e9, traitement des eaux et des piscines, cuisine et buanderie.<\/p>\n<p><!-- \/wp:paragraph --><\/p>\n<p><!-- wp:paragraph --><\/p>\n<p>Notre soci\u00e9t\u00e9 est l&rsquo;une des rares \u00e0 disposer d&rsquo;un agr\u00e9ment illimit\u00e9 d\u00e9livr\u00e9 par le minist\u00e8re de l&rsquo;\u00c9quipement, couvrant les domaines mentionn\u00e9s ci-dessus. Nous avons particip\u00e9 \u00e0 la r\u00e9alisation de nombreux grands projets, notamment :<\/p>\n<p><!-- \/wp:paragraph --><\/p>\n<p><!-- wp:list --><\/p>\n<ul>\n<li style=\"list-style-type: none;\">\n<ul><!-- wp:list-item --><\/ul>\n<\/li>\n<\/ul>\n<p>\u00a0<\/p>\n<ul>\n<li style=\"list-style-type: none;\">\n<ul>\n<li>Projet : Grande Salle des Congr\u00e8s, Tripoli &#8211; Libye<\/li>\n<\/ul>\n<\/li>\n<\/ul>\n<p><!-- \/wp:list-item --><\/p>\n<p><!-- \/wp:list --><\/p>\n<p><!-- wp:list --><\/p>\n<ul>\n<li style=\"list-style-type: none;\">\n<ul><!-- wp:list-item --><\/ul>\n<\/li>\n<\/ul>\n<ul>\n<li style=\"list-style-type: none;\">\n<ul>\n<li>P\u00e9riode : 2009<\/li>\n<\/ul>\n<\/li>\n<\/ul>\n<p><!-- \/wp:list-item --><\/p>\n<p><!-- \/wp:list --><\/p>\n<p><!-- wp:list --><\/p>\n<ul>\n<li style=\"list-style-type: none;\">\n<ul><!-- wp:list-item --><\/ul>\n<\/li>\n<\/ul>\n<ul>\n<li style=\"list-style-type: none;\">\n<ul>\n<li>Domaines d&rsquo;intervention : Chauffage, climatisation et plomberie sanitaire<\/li>\n<\/ul>\n<\/li>\n<\/ul>\n<p><!-- \/wp:list-item --><\/p>\n<p><!-- \/wp:list --><\/p>\t\t\t\t\t\t<\/div>\n\t\t\t\t<\/div>\n\t\t\t\t\t<\/div>\n\t\t<\/div>\n\t\t\t\t\t<\/div>\n\t\t<\/section>\n\t\t\t\t<\/div>","protected":false},"excerpt":{"rendered":"<p>\u00a0 \u00a0 R\u00e9f\u00e9rence de Projet de CHAUFROID : Grande Salle des Congr\u00e8s, Tripoli &#8211; Libye CHAUFROID Ben Hassine est une soci\u00e9t\u00e9 sp\u00e9cialis\u00e9e dans l\u2019\u00e9tude, l\u2019installation et la r\u00e9alisation de projets allant des plus simples aux plus complexes dans divers domaines : climatisation et chauffage central, plomberie sanitaire, froid industriel, s\u00e9curit\u00e9 incendie, \u00e9lectricit\u00e9, traitement des eaux et des piscines, cuisine et buanderie. Notre soci\u00e9t\u00e9 est l&rsquo;une des rares \u00e0 disposer d&rsquo;un agr\u00e9ment illimit\u00e9 d\u00e9livr\u00e9 par le minist\u00e8re de l&rsquo;\u00c9quipement, couvrant les domaines mentionn\u00e9s ci-dessus. Nous avons particip\u00e9 \u00e0 la r\u00e9alisation de nombreux grands projets, notamment :<\/p>","protected":false},"author":1,"featured_media":0,"parent":0,"menu_order":0,"comment_status":"closed","ping_status":"closed","template":"","meta":{"footnotes":""},"class_list":["post-11256","page","type-page","status-publish","hentry"],"featured_media_urls":[],"_links":{"self":[{"href":"https:\/\/groupebenhassine.com\/en-en\/wp-json\/wp\/v2\/pages\/11256","targetHints":{"allow":["GET"]}}],"collection":[{"href":"https:\/\/groupebenhassine.com\/en-en\/wp-json\/wp\/v2\/pages"}],"about":[{"href":"https:\/\/groupebenhassine.com\/en-en\/wp-json\/wp\/v2\/types\/page"}],"author":[{"embeddable":true,"href":"https:\/\/groupebenhassine.com\/en-en\/wp-json\/wp\/v2\/users\/1"}],"replies":[{"embeddable":true,"href":"https:\/\/groupebenhassine.com\/en-en\/wp-json\/wp\/v2\/comments?post=11256"}],"version-history":[{"count":14,"href":"https:\/\/groupebenhassine.com\/en-en\/wp-json\/wp\/v2\/pages\/11256\/revisions"}],"predecessor-version":[{"id":11278,"href":"https:\/\/groupebenhassine.com\/en-en\/wp-json\/wp\/v2\/pages\/11256\/revisions\/11278"}],"wp:attachment":[{"href":"https:\/\/groupebenhassine.com\/en-en\/wp-json\/wp\/v2\/media?parent=11256"}],"curies":[{"name":"wp","href":"https:\/\/api.w.org\/{rel}","templated":true}]}}